{"id":3488,"date":"2023-01-04T09:56:54","date_gmt":"2023-01-04T09:56:54","guid":{"rendered":"https:\/\/www.ferrcos.es\/politicadeprivacidadgral\/"},"modified":"2024-03-11T12:57:23","modified_gmt":"2024-03-11T12:57:23","slug":"politicadeprivacidadgral","status":"publish","type":"page","link":"https:\/\/www.ferrcos.es\/fr\/politicadeprivacidadgral\/","title":{"rendered":"Politique de confidentialit\u00e9"},"content":{"rendered":"<p>Cette politique de confidentialit\u00e9 est conforme au R\u00e8glement (UE) 2016\/679 du Parlement europ\u00e9en et du Conseil du 27 avril 2016 relatif \u00e0 la protection des personnes physiques \u00e0 l&#8217;\u00e9gard du traitement des donn\u00e9es \u00e0 caract\u00e8re personnel et \u00e0 la libre circulation de ces donn\u00e9es (RGPD), \u00e0 la Loi organique 3\/2018 du 5 d\u00e9cembre, sur la protection des donn\u00e9es \u00e0 caract\u00e8re personnel et la garantie des droits num\u00e9riques (LOPDGDD), ainsi que, dans la mesure o\u00f9 elle n&#8217;est pas contraire \u00e0 la r\u00e9glementation susmentionn\u00e9e, \u00e0 la loi organique 15\/1999, sur la protection des donn\u00e9es \u00e0 caract\u00e8re personnel (LOPD) et \u00e0 ses r\u00e8glements d&#8217;application, et\/ou \u00e0 ceux qui pourraient les remplacer ou les mettre \u00e0 jour \u00e0 l&#8217;avenir.<\/p>\n<p>Notre organisation s&#8217;engage \u00e0 respecter la confidentialit\u00e9 de vos donn\u00e9es personnelles. Les donn\u00e9es personnelles fournies sont n\u00e9cessaires \u00e0 la prestation de nos services et sont trait\u00e9es de mani\u00e8re licite, loyale et transparente, en garantissant une s\u00e9curit\u00e9 ad\u00e9quate de ces donn\u00e9es, y compris la protection contre le traitement non autoris\u00e9 ou illicite et contre la perte accidentelle, la destruction ou les dommages, gr\u00e2ce \u00e0 l&#8217;application de mesures techniques et organisationnelles.<\/p>\n<p>Par la pr\u00e9sente, nous souhaitons vous fournir, de mani\u00e8re transparente et \u00e9quitable, toutes les informations n\u00e9cessaires concernant le traitement de vos donn\u00e9es \u00e0 caract\u00e8re personnel par cette organisation.<\/p>\n<p><strong>I.- RESPONSABLE DU TRAITEMENT<\/strong><\/p>\n<p>IDENTIT\u00c9 : REVESTIMIENTOS CERAMICOS FERRCOS, S.L.<\/p>\n<p>C.I.F. \/ N.I.F. : B03082831<\/p>\n<p>ADRESSE : CTRA. NACIONAL 332, KM 194, 03750 PEDREGUER (ALICANTE)<\/p>\n<p>T\u00c9L\u00c9PHONE: 965760169<\/p>\n<p>E-MAIL: info@ferrcos.net<\/p>\n<p><strong>II &#8211; DESTINATAIRES DES DONN\u00c9ES PERSONNELLES<\/strong><\/p>\n<p>1.- Les donn\u00e9es personnelles fournies ne feront l&#8217;objet d&#8217;aucun transfert, sauf dans les cas pr\u00e9vus par le traitement sp\u00e9cifique.<\/p>\n<p>2.- En option, pour la sous-traitance de services de cloud computing et\/ou de services d&#8217;envoi de courriers \u00e9lectroniques, de communication, ainsi que d&#8217;autres services informatiques connexes, les donn\u00e9es personnelles peuvent \u00eatre :<\/p>\n<ul>\n<li>transf\u00e9r\u00e9es \u00e0 des soci\u00e9t\u00e9s de services informatiques situ\u00e9es dans l&#8217;Espace \u00e9conomique europ\u00e9en (EEE) ou,<\/li>\n<li>transf\u00e9r\u00e9es \u00e0 des soci\u00e9t\u00e9s de services informatiques situ\u00e9es en dehors de l&#8217;EEE qui sont couvertes par le bouclier de protection de la vie priv\u00e9e et qui ont donc mis en place des garanties ad\u00e9quates pour assurer la s\u00e9curit\u00e9 des donn\u00e9es \u00e0 caract\u00e8re personnel. Vous pouvez obtenir plus d&#8217;informations en visitant ce lien : https:\/\/www.privacyshield.gov\/welcome<\/li>\n<\/ul>\n<p>Optionnellement, aux administrations et autres organismes lorsque cela est n\u00e9cessaire pour se conformer aux obligations l\u00e9gales.<\/p>\n<p><strong>III &#8211; BASE JURIDIQUE L\u00c9GITIMANT LE TRAITEMENT DES DONN\u00c9ES PERSONNELLES<\/strong><\/p>\n<p>Pour chaque traitement sp\u00e9cifique de donn\u00e9es \u00e0 caract\u00e8re personnel, nous vous informerons de la base juridique qui le l\u00e9gitime.<\/p>\n<p><strong>IV &#8211; DROIT D&#8217;ACC\u00c8S<\/strong><\/p>\n<p>Il s&#8217;agit du droit d&#8217;obtenir du responsable du traitement la confirmation que des donn\u00e9es \u00e0 caract\u00e8re personnel concernant la personne concern\u00e9e sont ou ne sont pas trait\u00e9es et, le cas \u00e9ch\u00e9ant, le droit d&#8217;acc\u00e9der aux donn\u00e9es \u00e0 caract\u00e8re personnel et aux informations suivantes : les finalit\u00e9s du traitement, les cat\u00e9gories de donn\u00e9es \u00e0 caract\u00e8re personnel concern\u00e9es, les destinataires ou les cat\u00e9gories de destinataires auxquels les donn\u00e9es \u00e0 caract\u00e8re personnel ont \u00e9t\u00e9 ou seront communiqu\u00e9es, la dur\u00e9e de conservation ou les crit\u00e8res utilis\u00e9s pour d\u00e9terminer cette dur\u00e9e, l&#8217;existence du droit de demander au responsable du traitement la rectification ou l&#8217;effacement des donn\u00e9es \u00e0 caract\u00e8re personnel ou la limitation du traitement des donn\u00e9es \u00e0 caract\u00e8re personnel concernant la personne concern\u00e9e ou de s&#8217;opposer \u00e0 un tel traitement, le droit d&#8217;introduire une r\u00e9clamation aupr\u00e8s de l&#8217;Agence espagnole de protection des donn\u00e9es (AEPD), l&#8217;existence, le cas \u00e9ch\u00e9ant, de d\u00e9cisions automatis\u00e9es, y compris, le cas \u00e9ch\u00e9ant, le droit d&#8217;acc\u00e8s aux donn\u00e9es \u00e0 caract\u00e8re personnel, le droit d&#8217;obtenir du responsable du traitement le droit de demander la rectification ou l&#8217;effacement des donn\u00e9es \u00e0 caract\u00e8re personnel ou le droit de s&#8217;opposer au traitement des donn\u00e9es \u00e0 caract\u00e8re personnel concernant la personne concern\u00e9e et, le cas \u00e9ch\u00e9ant, le droit d&#8217;acc\u00e8s aux donn\u00e9es \u00e0 caract\u00e8re personnel concernant la personne concern\u00e9e.<\/p>\n<p>le cas \u00e9ch\u00e9ant, de d\u00e9cisions automatis\u00e9es, y compris le profilage, lorsque les donn\u00e9es sont transf\u00e9r\u00e9es \u00e0 des pays tiers, le droit d&#8217;\u00eatre inform\u00e9 des garanties appropri\u00e9es appliqu\u00e9es.<\/p>\n<p><strong>DROIT DE RECTIFICATION<\/strong><\/p>\n<p>Il s&#8217;agit du droit de demander la rectification de vos donn\u00e9es personnelles si elles sont inexactes, y compris le droit de compl\u00e9ter des donn\u00e9es incompl\u00e8tes. Veuillez noter qu&#8217;en nous fournissant des donn\u00e9es \u00e0 caract\u00e8re personnel par quelque moyen que ce soit, vous garantissez qu&#8217;elles sont vraies et exactes et vous vous engagez \u00e0 nous notifier tout changement ou modification de ces donn\u00e9es.<\/p>\n<p>Nous nous r\u00e9servons le droit d&#8217;apporter des modifications \u00e0 ces donn\u00e9es. Par cons\u00e9quent, tout dommage caus\u00e9 par la communication d&#8217;informations erron\u00e9es, inexactes ou incompl\u00e8tes dans les formulaires du site web rel\u00e8ve de la seule responsabilit\u00e9 de l&#8217;int\u00e9ress\u00e9.<\/p>\n<p><strong>DROIT DE SUPPRESSION<\/strong><\/p>\n<p>Il s&#8217;agit du droit de demander l&#8217;effacement de vos donn\u00e9es personnelles lorsque, entre autres, elles ne sont plus n\u00e9cessaires aux fins pour lesquelles elles ont \u00e9t\u00e9 collect\u00e9es, ou qu&#8217;elles font l&#8217;objet d&#8217;un autre traitement ou que vous retirez votre consentement. Il convient de noter que l&#8217;effacement n&#8217;a pas lieu lorsque le traitement des donn\u00e9es \u00e0 caract\u00e8re personnel est n\u00e9cessaire, entre autres, au respect d&#8217;obligations l\u00e9gales ou \u00e0 la formulation, \u00e0 l&#8217;exercice ou \u00e0 la d\u00e9fense de r\u00e9clamations.<\/p>\n<p><strong>DROIT \u00c0 LA LIMITATION<\/strong><\/p>\n<p>Il s&#8217;agit du droit de demander la limitation du traitement de vos donn\u00e9es personnelles, ce qui signifie que, dans certains cas, vous pouvez nous demander de suspendre temporairement le traitement de vos donn\u00e9es personnelles ou de les conserver plus longtemps que n\u00e9cessaire lorsque vous pouvez en avoir besoin.<\/p>\n<p><strong>DROIT DE RETIRER SON CONSENTEMENT<\/strong><\/p>\n<p>Il s&#8217;agit du droit de retirer le consentement que vous avez fourni en cochant la case &#8220;J&#8217;ai lu et j&#8217;accepte la politique de confidentialit\u00e9&#8221; \u00e0 tout moment et selon les modalit\u00e9s pr\u00e9vues dans la section correspondante &#8220;Exercice des droits&#8221; ou dans le cadre du traitement sp\u00e9cifique des communications commerciales ou de la lettre d&#8217;information. Il convient de noter que ce droit ne sera pas effectif si, entre autres, le traitement des donn\u00e9es personnelles est n\u00e9cessaire au respect d&#8217;une obligation l\u00e9gale, \u00e0 l&#8217;ex\u00e9cution et au maintien d&#8217;une relation contractuelle, ou \u00e0 la formulation, \u00e0 l&#8217;exercice ou \u00e0 la d\u00e9fense de r\u00e9clamations. En outre, le retrait du consentement n&#8217;a pas d&#8217;effet r\u00e9troactif, c&#8217;est-\u00e0-dire qu&#8217;il n&#8217;affecte pas la l\u00e9galit\u00e9 du traitement fond\u00e9 sur le consentement avant son retrait.<\/p>\n<p><strong>DROIT \u00c0 LA PORTABILIT\u00c9<\/strong><\/p>\n<p>Il s&#8217;agit du droit de recevoir les donn\u00e9es \u00e0 caract\u00e8re personnel vous concernant que vous nous avez fournies, dans un format structur\u00e9, couramment utilis\u00e9 et lisible par machine, et de les transmettre \u00e0 un autre responsable du traitement, \u00e0 condition que : le traitement soit fond\u00e9 sur votre consentement et qu&#8217;il soit effectu\u00e9 \u00e0 l&#8217;aide de proc\u00e9d\u00e9s automatis\u00e9s ou informatis\u00e9s.<\/p>\n<p><strong>DROIT D&#8217;OPPOSITION<\/strong><\/p>\n<p>Il s&#8217;agit du droit de s&#8217;opposer au traitement de vos donn\u00e9es personnelles sur la base de notre int\u00e9r\u00eat l\u00e9gitime. Nous ne traiterons plus vos donn\u00e9es \u00e0 caract\u00e8re personnel \u00e0 moins que nous puissions d\u00e9montrer des motifs l\u00e9gitimes imp\u00e9rieux pour le traitement qui pr\u00e9valent sur vos int\u00e9r\u00eats, droits et libert\u00e9s, ou pour la constatation, l&#8217;exercice ou la d\u00e9fense de droits.<\/p>\n<p><strong>DROIT DE D\u00c9POSER UNE PLAINTE AUPR\u00c8S D&#8217;UNE AUTORIT\u00c9 DE CONTR\u00d4LE<\/strong><\/p>\n<p>Si vous pensez que nous traitons vos donn\u00e9es personnelles de mani\u00e8re incorrecte, vous pouvez nous contacter ou vous avez \u00e9galement le droit de d\u00e9poser une plainte aupr\u00e8s de l&#8217;Agence espagnole de protection des donn\u00e9es (AEPD) : https:\/\/www.agpd.es\/portalwebAGPD\/index-ides-idphp.php<\/p>\n<p><strong>EXERCICE DES DROITS<\/strong><\/p>\n<p>Vous pouvez exercer vos droits en envoyant une lettre \u00e0 l&#8217;adresse postale ci-dessus ou un courriel \u00e0 info@ferrcos.net, en joignant dans les deux cas une copie de votre NIF\/NIE\/Passeport ou d&#8217;un document similaire.<\/p>\n<p><strong>V.- TRAITEMENT DES DONNEES A CARACTERE PERSONNEL.<\/strong> <strong>DISPOSITIONS G\u00c9N\u00c9RIQUES<\/strong><\/p>\n<p>Les donn\u00e9es personnelles demand\u00e9es dans chacun des traitements sp\u00e9cifiques sont ad\u00e9quates, pertinentes et limit\u00e9es \u00e0 ce qui est n\u00e9cessaire au regard des finalit\u00e9s pour lesquelles elles sont trait\u00e9es, ce qui est conforme au principe de minimisation des donn\u00e9es.<\/p>\n<p>Les donn\u00e9es \u00e0 caract\u00e8re personnel demand\u00e9es dans chacun des traitements sp\u00e9cifiques sont strictement n\u00e9cessaires ; le refus de les fournir signifierait que le service demand\u00e9 ne pourrait pas \u00eatre fourni.<\/p>\n<p>Les communications de donn\u00e9es \u00e0 caract\u00e8re personnel pr\u00e9vues dans chacun des traitements sp\u00e9cifiques sont, dans certains cas, n\u00e9cessaires \u00e0 l&#8217;ex\u00e9cution et au maintien d&#8217;un contrat et, dans d&#8217;autres cas, au respect d&#8217;une obligation l\u00e9gale applicable au responsable du traitement.<\/p>\n<p><strong>FORMULAIRE DE CONTACT<\/strong><\/p>\n<p>Les donn\u00e9es \u00e0 caract\u00e8re personnel seront trait\u00e9es afin de canaliser les demandes d&#8217;information, les suggestions et les r\u00e9clamations des utilisateurs ou des clients.<\/p>\n<p>La base juridique qui l\u00e9gitime le traitement des donn\u00e9es \u00e0 caract\u00e8re personnel est le consentement explicite en cochant la case &#8220;J&#8217;ai lu et j&#8217;accepte la politique de confidentialit\u00e9&#8221;.<\/p>\n<p>Les donn\u00e9es personnelles seront conserv\u00e9es pendant une p\u00e9riode de deux ans \u00e0 partir du moment o\u00f9 elles cessent d&#8217;\u00eatre trait\u00e9es, sans pr\u00e9judice de l&#8217;exercice de vos droits en tant que personne concern\u00e9e.<\/p>\n","protected":false},"excerpt":{"rendered":"<p>Cette politique de confidentialit\u00e9 est conforme au R\u00e8glement (UE) 2016\/679 du Parlement europ\u00e9en et du Conseil du 27 avril 2016 relatif \u00e0 la protection des personnes physiques \u00e0 l&#8217;\u00e9gard du traitement des donn\u00e9es \u00e0 caract\u00e8re personnel et \u00e0 la libre circulation de ces donn\u00e9es (RGPD), \u00e0 la Loi organique 3\/2018 du 5 d\u00e9cembre, sur la [&hellip;]<\/p>\n","protected":false},"author":1,"featured_media":0,"parent":0,"menu_order":0,"comment_status":"closed","ping_status":"closed","template":"","meta":{"footnotes":""},"class_list":["post-3488","page","type-page","status-publish","hentry"],"_links":{"self":[{"href":"https:\/\/www.ferrcos.es\/fr\/wp-json\/wp\/v2\/pages\/3488","targetHints":{"allow":["GET"]}}],"collection":[{"href":"https:\/\/www.ferrcos.es\/fr\/wp-json\/wp\/v2\/pages"}],"about":[{"href":"https:\/\/www.ferrcos.es\/fr\/wp-json\/wp\/v2\/types\/page"}],"author":[{"embeddable":true,"href":"https:\/\/www.ferrcos.es\/fr\/wp-json\/wp\/v2\/users\/1"}],"replies":[{"embeddable":true,"href":"https:\/\/www.ferrcos.es\/fr\/wp-json\/wp\/v2\/comments?post=3488"}],"version-history":[{"count":5,"href":"https:\/\/www.ferrcos.es\/fr\/wp-json\/wp\/v2\/pages\/3488\/revisions"}],"predecessor-version":[{"id":4149,"href":"https:\/\/www.ferrcos.es\/fr\/wp-json\/wp\/v2\/pages\/3488\/revisions\/4149"}],"wp:attachment":[{"href":"https:\/\/www.ferrcos.es\/fr\/wp-json\/wp\/v2\/media?parent=3488"}],"curies":[{"name":"wp","href":"https:\/\/api.w.org\/{rel}","templated":true}]}}