{"id":3485,"date":"2024-02-14T07:04:49","date_gmt":"2024-02-14T07:04:49","guid":{"rendered":"https:\/\/www.ferrcos.es\/politica-de-cookies\/"},"modified":"2024-03-11T14:05:00","modified_gmt":"2024-03-11T14:05:00","slug":"politica-de-cookies","status":"publish","type":"page","link":"https:\/\/www.ferrcos.es\/fr\/politica-de-cookies\/","title":{"rendered":"Politique en mati\u00e8re de cookies"},"content":{"rendered":"<p><strong>POLITIQUE EN MATI\u00c8RE DE COOKIES INFORMATIONS SUR LES COOKIES :<\/strong><\/p>\n<p>Les cookies sont des fichiers qui peuvent \u00eatre t\u00e9l\u00e9charg\u00e9s sur votre ordinateur par les sites web. Ce sont des outils qui jouent un r\u00f4le essentiel dans la fourniture de nombreux services de la soci\u00e9t\u00e9 de l&#8217;information. Ils permettent notamment \u00e0 un site web de stocker et de r\u00e9cup\u00e9rer des informations sur les habitudes de navigation d&#8217;un utilisateur ou de son \u00e9quipement et, en fonction des informations obtenues, ils peuvent \u00eatre utilis\u00e9s pour reconna\u00eetre l&#8217;utilisateur et am\u00e9liorer le service offert.<\/p>\n<p>CLASSIFICATION DES COOKIES :<\/p>\n<p>En fonction de l&#8217;entit\u00e9 qui g\u00e8re le domaine \u00e0 partir duquel les cookies sont envoy\u00e9s et qui traite les donn\u00e9es obtenues, on distingue deux types de cookies : les cookies de premi\u00e8re partie et les cookies de tierce partie. Il existe \u00e9galement une deuxi\u00e8me classification en fonction de la dur\u00e9e pendant laquelle ils restent stock\u00e9s dans le navigateur du client, \u00e0 savoir les cookies de session ou les cookies persistants. Enfin, une autre classification comprend cinq types de cookies en fonction de la finalit\u00e9 du traitement des donn\u00e9es obtenues : les cookies techniques, les cookies de personnalisation, les cookies d&#8217;analyse, les cookies publicitaires et les cookies de publicit\u00e9 comportementale.<\/p>\n<p>\u00a0<\/p>\n<p>COOKIES UTILIS\u00c9S SUR LE SITE WEB :<\/p>\n<p>Les cookies utilis\u00e9s sur ce site web sont identifi\u00e9s ci-dessous, ainsi que leur type et leur fonction : Un cookie technique appel\u00e9 PHPSESSID, n\u00e9cessaire \u00e0 la navigation correcte sur les pages web et \u00e0 l&#8217;utilisation de leurs fonctionnalit\u00e9s. Tout autre cookie strictement n\u00e9cessaire \u00e0 la navigation et \u00e0 l&#8217;utilisation des fonctionnalit\u00e9s du site web.<\/p>\n<p>COMMENT MODIFIER VOS PARAM\u00c8TRES EN MATI\u00c8RE DE COOKIES :<\/p>\n<p>Vous pouvez restreindre, bloquer ou supprimer les cookies de ce site ou de toute autre page web \u00e0 l&#8217;aide de votre navigateur. L&#8217;op\u00e9ration diff\u00e8re d&#8217;un navigateur \u00e0 l&#8217;autre. La fonction d&#8217;aide vous indiquera comment proc\u00e9der.<\/p>\n<p>Internet Explorer * Firefox<\/p>\n<p>Firefox<\/p>\n<p>Chrome<\/p>\n<p>vid\u00e9o pour configurer le navigateur CHROME<\/p>\n<p>Safari : http:\/\/www.apple.com\/es\/privacy\/use-of-cookies\/<\/p>\n<p>*Param\u00e8tres des cookies d&#8217;Internet Explorer en anglais.<\/p>\n<p>&#8211; Pour supprimer les cookies<\/p>\n<p>1. Dans Internet Explorer, cliquez sur le bouton Outils, pointez sur S\u00e9curit\u00e9 et s\u00e9lectionnez<\/p>\n<p>Effacer les donn\u00e9es de navigation.<\/p>\n<p>2) Cochez la case Cookies et donn\u00e9es de site web, puis s\u00e9lectionnez Supprimer.<\/p>\n<p>&#8211; Pour supprimer les cookies dans Internet Explorer 8<\/p>\n<p>1. Dans Internet Explorer, cliquez sur le bouton S\u00e9curit\u00e9, puis s\u00e9lectionnez Effacer les donn\u00e9es de navigation.<\/p>\n<p>Donn\u00e9es de navigation.<\/p>\n<p>2) Cochez la petite case situ\u00e9e \u00e0 c\u00f4t\u00e9 de Cookies.<\/p>\n<p>3. cochez la case Conserver les donn\u00e9es des sites web favoris si vous ne souhaitez pas supprimer les cookies associ\u00e9s aux sites web de votre liste.<\/p>\n<p>Vous pouvez supprimer les cookies associ\u00e9s aux sites web de votre liste de favoris. Bloquer ou autoriser les cookies<\/p>\n<p>Si vous ne souhaitez pas que des sites stockent des cookies sur votre PC, vous pouvez les bloquer. Mais le blocage des cookies peut emp\u00eacher certaines pages de s&#8217;afficher correctement, ou vous pouvez recevoir un message du site vous informant que vous devez autoriser les cookies pour consulter ce site.<\/p>\n<p>Pour bloquer ou autoriser les cookies dans Internet Explorer 11 pour Windows 10<\/p>\n<p>1. Dans Internet Explorer, cliquez sur le bouton Outils, puis s\u00e9lectionnez Options Internet.<\/p>\n<p>2) S\u00e9lectionnez l&#8217;onglet Confidentialit\u00e9 et, sous Param\u00e8tres, s\u00e9lectionnez Avanc\u00e9 et indiquez si vous souhaitez autoriser, bloquer ou \u00eatre invit\u00e9 \u00e0 accepter les cookies de premi\u00e8re et de tierce parties.<\/p>\n<p>Pour bloquer ou autoriser les cookies<\/p>\n<p>1. Dans Internet Explorer, cliquez sur le bouton Outils, puis s\u00e9lectionnez Options Internet.<\/p>\n<p>S\u00e9lectionnez l&#8217;onglet Confidentialit\u00e9 et, sous Param\u00e8tres, d\u00e9placez le curseur vers le haut pour bloquer tous les cookies (ou vers le bas pour les autoriser), puis s\u00e9lectionnez OK.<\/p>\n","protected":false},"excerpt":{"rendered":"<p>POLITIQUE EN MATI\u00c8RE DE COOKIES INFORMATIONS SUR LES COOKIES : Les cookies sont des fichiers qui peuvent \u00eatre t\u00e9l\u00e9charg\u00e9s sur votre ordinateur par les sites web. Ce sont des outils qui jouent un r\u00f4le essentiel dans la fourniture de nombreux services de la soci\u00e9t\u00e9 de l&#8217;information. Ils permettent notamment \u00e0 un site web de stocker [&hellip;]<\/p>\n","protected":false},"author":1,"featured_media":0,"parent":0,"menu_order":0,"comment_status":"closed","ping_status":"closed","template":"","meta":{"footnotes":""},"class_list":["post-3485","page","type-page","status-publish","hentry"],"_links":{"self":[{"href":"https:\/\/www.ferrcos.es\/fr\/wp-json\/wp\/v2\/pages\/3485","targetHints":{"allow":["GET"]}}],"collection":[{"href":"https:\/\/www.ferrcos.es\/fr\/wp-json\/wp\/v2\/pages"}],"about":[{"href":"https:\/\/www.ferrcos.es\/fr\/wp-json\/wp\/v2\/types\/page"}],"author":[{"embeddable":true,"href":"https:\/\/www.ferrcos.es\/fr\/wp-json\/wp\/v2\/users\/1"}],"replies":[{"embeddable":true,"href":"https:\/\/www.ferrcos.es\/fr\/wp-json\/wp\/v2\/comments?post=3485"}],"version-history":[{"count":4,"href":"https:\/\/www.ferrcos.es\/fr\/wp-json\/wp\/v2\/pages\/3485\/revisions"}],"predecessor-version":[{"id":4157,"href":"https:\/\/www.ferrcos.es\/fr\/wp-json\/wp\/v2\/pages\/3485\/revisions\/4157"}],"wp:attachment":[{"href":"https:\/\/www.ferrcos.es\/fr\/wp-json\/wp\/v2\/media?parent=3485"}],"curies":[{"name":"wp","href":"https:\/\/api.w.org\/{rel}","templated":true}]}}