{"id":3456,"date":"2023-12-20T12:23:53","date_gmt":"2023-12-20T12:23:53","guid":{"rendered":"https:\/\/www.ferrcos.es\/productos\/parquets-y-laminados\/"},"modified":"2024-03-11T12:21:43","modified_gmt":"2024-03-11T12:21:43","slug":"parquets-y-laminados","status":"publish","type":"page","link":"https:\/\/www.ferrcos.es\/fr\/productos\/parquets-y-laminados\/","title":{"rendered":"Parquets et Stratifi\u00e9s"},"content":{"rendered":"\t\t<div data-elementor-type=\"wp-page\" data-elementor-id=\"3456\" class=\"elementor elementor-3456 elementor-536\" data-elementor-settings=\"{&quot;ha_cmc_init_switcher&quot;:&quot;no&quot;}\" data-elementor-post-type=\"page\">\n\t\t\t\t\t\t<section class=\"elementor-section elementor-top-section elementor-element elementor-element-17b1bf1 elementor-section-boxed elementor-section-height-default elementor-section-height-default\" data-id=\"17b1bf1\" data-element_type=\"section\" data-e-type=\"section\" data-settings=\"{&quot;background_background&quot;:&quot;slideshow&quot;,&quot;background_slideshow_gallery&quot;:[{&quot;id&quot;:1720,&quot;url&quot;:&quot;https:\\\/\\\/www.ferrcos.es\\\/wp-content\\\/uploads\\\/2024\\\/01\\\/quick-step.jpeg&quot;},{&quot;id&quot;:1699,&quot;url&quot;:&quot;https:\\\/\\\/www.ferrcos.es\\\/wp-content\\\/uploads\\\/2024\\\/01\\\/MH_SVD_7_low-1-1.jpg&quot;},{&quot;id&quot;:1700,&quot;url&quot;:&quot;https:\\\/\\\/www.ferrcos.es\\\/wp-content\\\/uploads\\\/2024\\\/01\\\/MH_SVD_8_low.jpg&quot;},{&quot;id&quot;:1712,&quot;url&quot;:&quot;https:\\\/\\\/www.ferrcos.es\\\/wp-content\\\/uploads\\\/2024\\\/01\\\/Majestic3.jpeg&quot;},{&quot;id&quot;:1719,&quot;url&quot;:&quot;https:\\\/\\\/www.ferrcos.es\\\/wp-content\\\/uploads\\\/2024\\\/01\\\/qs.jpeg&quot;}],&quot;background_slideshow_slide_duration&quot;:3000,&quot;background_slideshow_loop&quot;:&quot;yes&quot;,&quot;background_slideshow_slide_transition&quot;:&quot;fade&quot;,&quot;background_slideshow_transition_duration&quot;:500,&quot;_ha_eqh_enable&quot;:false}\">\n\t\t\t\t\t\t<div class=\"elementor-container elementor-column-gap-default\">\n\t\t\t\t\t<div class=\"elementor-column elementor-col-50 elementor-top-column elementor-element elementor-element-debff61\" data-id=\"debff61\" data-element_type=\"column\" data-e-type=\"column\" data-settings=\"{&quot;background_background&quot;:&quot;classic&quot;}\">\n\t\t\t<div class=\"elementor-widget-wrap elementor-element-populated\">\n\t\t\t\t\t\t<div class=\"elementor-element elementor-element-79450b3 elementor-widget elementor-widget-heading\" data-id=\"79450b3\" data-element_type=\"widget\" data-e-type=\"widget\" data-widget_type=\"heading.default\">\n\t\t\t\t\t<h1 class=\"elementor-heading-title elementor-size-default\">Parquets et Stratifi\u00e9s<\/h1>\t\t\t\t<\/div>\n\t\t\t\t\t<\/div>\n\t\t<\/div>\n\t\t\t\t<div class=\"elementor-column elementor-col-50 elementor-top-column elementor-element elementor-element-aaf5396\" data-id=\"aaf5396\" data-element_type=\"column\" data-e-type=\"column\">\n\t\t\t<div class=\"elementor-widget-wrap\">\n\t\t\t\t\t\t\t<\/div>\n\t\t<\/div>\n\t\t\t\t\t<\/div>\n\t\t<\/section>\n\t\t\t\t<section class=\"elementor-section elementor-top-section elementor-element elementor-element-f2e617c elementor-section-boxed elementor-section-height-default elementor-section-height-default\" data-id=\"f2e617c\" data-element_type=\"section\" data-e-type=\"section\" data-settings=\"{&quot;_ha_eqh_enable&quot;:false}\">\n\t\t\t\t\t\t<div class=\"elementor-container elementor-column-gap-default\">\n\t\t\t\t\t<div class=\"elementor-column elementor-col-33 elementor-top-column elementor-element elementor-element-4b69cfa\" data-id=\"4b69cfa\" data-element_type=\"column\" data-e-type=\"column\">\n\t\t\t<div class=\"elementor-widget-wrap elementor-element-populated\">\n\t\t\t\t\t\t<div class=\"elementor-element elementor-element-617cf8d animated-slow elementor-widget__width-auto elementor-invisible elementor-widget elementor-widget-heading\" data-id=\"617cf8d\" data-element_type=\"widget\" data-e-type=\"widget\" data-settings=\"{&quot;_animation&quot;:&quot;slideInLeft&quot;,&quot;_animation_delay&quot;:800}\" data-widget_type=\"heading.default\">\n\t\t\t\t\t<h3 class=\"elementor-heading-title elementor-size-default\">L'importance des finitions<\/h3>\t\t\t\t<\/div>\n\t\t\t\t\t<\/div>\n\t\t<\/div>\n\t\t\t\t<div class=\"elementor-column elementor-col-66 elementor-top-column elementor-element elementor-element-c68df79\" data-id=\"c68df79\" data-element_type=\"column\" data-e-type=\"column\">\n\t\t\t<div class=\"elementor-widget-wrap elementor-element-populated\">\n\t\t\t\t\t\t<div class=\"elementor-element elementor-element-c9e77cd elementor-hidden-phone elementor-widget elementor-widget-spacer\" data-id=\"c9e77cd\" data-element_type=\"widget\" data-e-type=\"widget\" data-widget_type=\"spacer.default\">\n\t\t\t\t\t\t\t<div class=\"elementor-spacer\">\n\t\t\t<div class=\"elementor-spacer-inner\"><\/div>\n\t\t<\/div>\n\t\t\t\t\t\t<\/div>\n\t\t\t\t\t<\/div>\n\t\t<\/div>\n\t\t\t\t\t<\/div>\n\t\t<\/section>\n\t\t\t\t<section class=\"elementor-section elementor-top-section elementor-element elementor-element-883948a animated-slow elementor-section-boxed elementor-section-height-default elementor-section-height-default elementor-invisible\" data-id=\"883948a\" data-element_type=\"section\" data-e-type=\"section\" data-settings=\"{&quot;animation&quot;:&quot;zoomIn&quot;,&quot;_ha_eqh_enable&quot;:false}\">\n\t\t\t\t\t\t<div class=\"elementor-container elementor-column-gap-default\">\n\t\t\t\t\t<div class=\"elementor-column elementor-col-100 elementor-top-column elementor-element elementor-element-70ef4bf\" data-id=\"70ef4bf\" data-element_type=\"column\" data-e-type=\"column\">\n\t\t\t<div class=\"elementor-widget-wrap elementor-element-populated\">\n\t\t\t\t\t\t<div class=\"elementor-element elementor-element-d097275 elementor-widget__width-auto elementor-widget elementor-widget-text-editor\" data-id=\"d097275\" data-element_type=\"widget\" data-e-type=\"widget\" data-widget_type=\"text-editor.default\">\n\t\t\t\t\t\t\t\t\t<p style=\"font-weight: 400;\">Les finitions bois, naturelles ou synth\u00e9tiques, sont l\u2019une des options phares en mati\u00e8re de rev\u00eatement de sol. Chez Ferrcos, nous vous proposons \u00e9galement diff\u00e9rentes options pour les amateurs de ces pi\u00e8ces qui apportent de la chaleur \u00e0 tout espace. Du parquet naturel XXL avec ses veines incomparables aux stratifi\u00e9s de la meilleure qualit\u00e9 avec des finitions si parfaites que vous ne serez pas en mesure d\u2019appr\u00e9cier la diff\u00e9rence.<\/p><p style=\"font-weight: 400;\">Notre \u00e9quipe vous fera d\u00e9couvrir toutes les options disponibles avec leurs sp\u00e9cifications techniques afin que vous puissiez choisir le produit qui r\u00e9pond le mieux \u00e0 vos besoins.<\/p>\t\t\t\t\t\t\t\t<\/div>\n\t\t\t\t\t<\/div>\n\t\t<\/div>\n\t\t\t\t\t<\/div>\n\t\t<\/section>\n\t\t\t\t<section class=\"elementor-section elementor-top-section elementor-element elementor-element-8dcccb3 elementor-section-full_width elementor-section-height-default elementor-section-height-default\" data-id=\"8dcccb3\" data-element_type=\"section\" data-e-type=\"section\" data-settings=\"{&quot;_ha_eqh_enable&quot;:false}\">\n\t\t\t\t\t\t<div class=\"elementor-container elementor-column-gap-no\">\n\t\t\t\t\t<div class=\"elementor-column elementor-col-100 elementor-top-column elementor-element elementor-element-a5099e6\" data-id=\"a5099e6\" data-element_type=\"column\" data-e-type=\"column\">\n\t\t\t<div class=\"elementor-widget-wrap elementor-element-populated\">\n\t\t\t\t\t\t<div class=\"elementor-element elementor-element-5e2c600 elementor-widget elementor-widget-gallery\" data-id=\"5e2c600\" data-element_type=\"widget\" data-e-type=\"widget\" data-settings=\"{&quot;gallery_layout&quot;:&quot;grid&quot;,&quot;columns&quot;:4,&quot;columns_tablet&quot;:2,&quot;columns_mobile&quot;:1,&quot;gap&quot;:{&quot;unit&quot;:&quot;px&quot;,&quot;size&quot;:10,&quot;sizes&quot;:[]},&quot;gap_tablet&quot;:{&quot;unit&quot;:&quot;px&quot;,&quot;size&quot;:10,&quot;sizes&quot;:[]},&quot;gap_mobile&quot;:{&quot;unit&quot;:&quot;px&quot;,&quot;size&quot;:10,&quot;sizes&quot;:[]},&quot;link_to&quot;:&quot;file&quot;,&quot;aspect_ratio&quot;:&quot;3:2&quot;,&quot;overlay_background&quot;:&quot;yes&quot;,&quot;content_hover_animation&quot;:&quot;fade-in&quot;}\" data-widget_type=\"gallery.default\">\n\t\t\t\t\t\t\t<div class=\"elementor-gallery__container\">\n\t\t\t\t\t\t\t<a class=\"e-gallery-item elementor-gallery-item elementor-animated-content\" href=\"https:\/\/www.ferrcos.es\/wp-content\/uploads\/2024\/01\/DSC06687.jpg\" data-elementor-open-lightbox=\"yes\" data-elementor-lightbox-slideshow=\"5e2c600\" data-elementor-lightbox-title=\"DSC06687\" data-e-action-hash=\"#elementor-action%3Aaction%3Dlightbox%26settings%3DeyJpZCI6MTY5MiwidXJsIjoiaHR0cHM6XC9cL3d3dy5mZXJyY29zLmVzXC93cC1jb250ZW50XC91cGxvYWRzXC8yMDI0XC8wMVwvRFNDMDY2ODcuanBnIiwic2xpZGVzaG93IjoiNWUyYzYwMCJ9\">\n\t\t\t\t\t<div class=\"e-gallery-image elementor-gallery-item__image\" data-thumbnail=\"https:\/\/www.ferrcos.es\/wp-content\/uploads\/2024\/01\/DSC06687-768x576.jpg\" data-width=\"768\" data-height=\"576\" aria-label=\"\" role=\"img\" ><\/div>\n\t\t\t\t\t\t\t\t\t\t\t<div class=\"elementor-gallery-item__overlay\"><\/div>\n\t\t\t\t\t\t\t\t\t\t\t\t\t\t<\/a>\n\t\t\t\t\t\t\t<a class=\"e-gallery-item elementor-gallery-item elementor-animated-content\" href=\"https:\/\/www.ferrcos.es\/wp-content\/uploads\/2024\/01\/DSC06575.jpg\" data-elementor-open-lightbox=\"yes\" data-elementor-lightbox-slideshow=\"5e2c600\" data-elementor-lightbox-title=\"DSC06575\" data-e-action-hash=\"#elementor-action%3Aaction%3Dlightbox%26settings%3DeyJpZCI6MTY5MywidXJsIjoiaHR0cHM6XC9cL3d3dy5mZXJyY29zLmVzXC93cC1jb250ZW50XC91cGxvYWRzXC8yMDI0XC8wMVwvRFNDMDY1NzUuanBnIiwic2xpZGVzaG93IjoiNWUyYzYwMCJ9\">\n\t\t\t\t\t<div class=\"e-gallery-image elementor-gallery-item__image\" data-thumbnail=\"https:\/\/www.ferrcos.es\/wp-content\/uploads\/2024\/01\/DSC06575-768x576.jpg\" data-width=\"768\" data-height=\"576\" aria-label=\"\" role=\"img\" ><\/div>\n\t\t\t\t\t\t\t\t\t\t\t<div class=\"elementor-gallery-item__overlay\"><\/div>\n\t\t\t\t\t\t\t\t\t\t\t\t\t\t<\/a>\n\t\t\t\t\t\t\t<a class=\"e-gallery-item elementor-gallery-item elementor-animated-content\" href=\"https:\/\/www.ferrcos.es\/wp-content\/uploads\/2024\/01\/la-foto-2-3-scaled.jpg\" data-elementor-open-lightbox=\"yes\" data-elementor-lightbox-slideshow=\"5e2c600\" data-elementor-lightbox-title=\"la foto 2-3\" data-e-action-hash=\"#elementor-action%3Aaction%3Dlightbox%26settings%3DeyJpZCI6MTY5NCwidXJsIjoiaHR0cHM6XC9cL3d3dy5mZXJyY29zLmVzXC93cC1jb250ZW50XC91cGxvYWRzXC8yMDI0XC8wMVwvbGEtZm90by0yLTMtc2NhbGVkLmpwZyIsInNsaWRlc2hvdyI6IjVlMmM2MDAifQ%3D%3D\">\n\t\t\t\t\t<div class=\"e-gallery-image elementor-gallery-item__image\" data-thumbnail=\"https:\/\/www.ferrcos.es\/wp-content\/uploads\/2024\/01\/la-foto-2-3-768x576.jpg\" data-width=\"768\" data-height=\"576\" aria-label=\"\" role=\"img\" ><\/div>\n\t\t\t\t\t\t\t\t\t\t\t<div class=\"elementor-gallery-item__overlay\"><\/div>\n\t\t\t\t\t\t\t\t\t\t\t\t\t\t<\/a>\n\t\t\t\t\t\t\t<a class=\"e-gallery-item elementor-gallery-item elementor-animated-content\" href=\"https:\/\/www.ferrcos.es\/wp-content\/uploads\/2024\/01\/Hotel-Kaplankaya-Turquia_low.jpg\" data-elementor-open-lightbox=\"yes\" data-elementor-lightbox-slideshow=\"5e2c600\" data-elementor-lightbox-title=\"Hotel-Kaplankaya-Turquia_low\" data-e-action-hash=\"#elementor-action%3Aaction%3Dlightbox%26settings%3DeyJpZCI6MTY5NiwidXJsIjoiaHR0cHM6XC9cL3d3dy5mZXJyY29zLmVzXC93cC1jb250ZW50XC91cGxvYWRzXC8yMDI0XC8wMVwvSG90ZWwtS2FwbGFua2F5YS1UdXJxdWlhX2xvdy5qcGciLCJzbGlkZXNob3ciOiI1ZTJjNjAwIn0%3D\">\n\t\t\t\t\t<div class=\"e-gallery-image elementor-gallery-item__image\" data-thumbnail=\"https:\/\/www.ferrcos.es\/wp-content\/uploads\/2024\/01\/Hotel-Kaplankaya-Turquia_low-768x457.jpg\" data-width=\"768\" data-height=\"457\" aria-label=\"\" role=\"img\" ><\/div>\n\t\t\t\t\t\t\t\t\t\t\t<div class=\"elementor-gallery-item__overlay\"><\/div>\n\t\t\t\t\t\t\t\t\t\t\t\t\t\t<\/a>\n\t\t\t\t\t\t\t<a class=\"e-gallery-item elementor-gallery-item elementor-animated-content\" href=\"https:\/\/www.ferrcos.es\/wp-content\/uploads\/2024\/01\/MH_SVD_8_low.jpg\" data-elementor-open-lightbox=\"yes\" data-elementor-lightbox-slideshow=\"5e2c600\" data-elementor-lightbox-title=\"MH_SVD_8_low\" data-e-action-hash=\"#elementor-action%3Aaction%3Dlightbox%26settings%3DeyJpZCI6MTcwMCwidXJsIjoiaHR0cHM6XC9cL3d3dy5mZXJyY29zLmVzXC93cC1jb250ZW50XC91cGxvYWRzXC8yMDI0XC8wMVwvTUhfU1ZEXzhfbG93LmpwZyIsInNsaWRlc2hvdyI6IjVlMmM2MDAifQ%3D%3D\">\n\t\t\t\t\t<div class=\"e-gallery-image elementor-gallery-item__image\" data-thumbnail=\"https:\/\/www.ferrcos.es\/wp-content\/uploads\/2024\/01\/MH_SVD_8_low-768x512.jpg\" data-width=\"768\" data-height=\"512\" aria-label=\"\" role=\"img\" ><\/div>\n\t\t\t\t\t\t\t\t\t\t\t<div class=\"elementor-gallery-item__overlay\"><\/div>\n\t\t\t\t\t\t\t\t\t\t\t\t\t\t<\/a>\n\t\t\t\t\t\t\t<a class=\"e-gallery-item elementor-gallery-item elementor-animated-content\" href=\"https:\/\/www.ferrcos.es\/wp-content\/uploads\/2024\/01\/doussie-1200x600-1.jpg\" data-elementor-open-lightbox=\"yes\" data-elementor-lightbox-slideshow=\"5e2c600\" data-elementor-lightbox-title=\"doussie-1200x600\" data-e-action-hash=\"#elementor-action%3Aaction%3Dlightbox%26settings%3DeyJpZCI6MTcwMSwidXJsIjoiaHR0cHM6XC9cL3d3dy5mZXJyY29zLmVzXC93cC1jb250ZW50XC91cGxvYWRzXC8yMDI0XC8wMVwvZG91c3NpZS0xMjAweDYwMC0xLmpwZyIsInNsaWRlc2hvdyI6IjVlMmM2MDAifQ%3D%3D\">\n\t\t\t\t\t<div class=\"e-gallery-image elementor-gallery-item__image\" data-thumbnail=\"https:\/\/www.ferrcos.es\/wp-content\/uploads\/2024\/01\/doussie-1200x600-1-768x384.jpg\" data-width=\"768\" data-height=\"384\" aria-label=\"\" role=\"img\" ><\/div>\n\t\t\t\t\t\t\t\t\t\t\t<div class=\"elementor-gallery-item__overlay\"><\/div>\n\t\t\t\t\t\t\t\t\t\t\t\t\t\t<\/a>\n\t\t\t\t\t\t\t<a class=\"e-gallery-item elementor-gallery-item elementor-animated-content\" href=\"https:\/\/www.ferrcos.es\/wp-content\/uploads\/2024\/01\/Majesstic2.jpeg\" data-elementor-open-lightbox=\"yes\" data-elementor-lightbox-slideshow=\"5e2c600\" data-elementor-lightbox-title=\"Majesstic2\" data-e-action-hash=\"#elementor-action%3Aaction%3Dlightbox%26settings%3DeyJpZCI6MTcxMCwidXJsIjoiaHR0cHM6XC9cL3d3dy5mZXJyY29zLmVzXC93cC1jb250ZW50XC91cGxvYWRzXC8yMDI0XC8wMVwvTWFqZXNzdGljMi5qcGVnIiwic2xpZGVzaG93IjoiNWUyYzYwMCJ9\">\n\t\t\t\t\t<div class=\"e-gallery-image elementor-gallery-item__image\" data-thumbnail=\"https:\/\/www.ferrcos.es\/wp-content\/uploads\/2024\/01\/Majesstic2-768x768.jpeg\" data-width=\"768\" data-height=\"768\" aria-label=\"\" role=\"img\" ><\/div>\n\t\t\t\t\t\t\t\t\t\t\t<div class=\"elementor-gallery-item__overlay\"><\/div>\n\t\t\t\t\t\t\t\t\t\t\t\t\t\t<\/a>\n\t\t\t\t\t\t\t<a class=\"e-gallery-item elementor-gallery-item elementor-animated-content\" href=\"https:\/\/www.ferrcos.es\/wp-content\/uploads\/2024\/01\/Majestic4.jpeg\" data-elementor-open-lightbox=\"yes\" data-elementor-lightbox-slideshow=\"5e2c600\" data-elementor-lightbox-title=\"Majestic4\" data-e-action-hash=\"#elementor-action%3Aaction%3Dlightbox%26settings%3DeyJpZCI6MTcxMywidXJsIjoiaHR0cHM6XC9cL3d3dy5mZXJyY29zLmVzXC93cC1jb250ZW50XC91cGxvYWRzXC8yMDI0XC8wMVwvTWFqZXN0aWM0LmpwZWciLCJzbGlkZXNob3ciOiI1ZTJjNjAwIn0%3D\">\n\t\t\t\t\t<div class=\"e-gallery-image elementor-gallery-item__image\" data-thumbnail=\"https:\/\/www.ferrcos.es\/wp-content\/uploads\/2024\/01\/Majestic4-768x768.jpeg\" data-width=\"768\" data-height=\"768\" aria-label=\"\" role=\"img\" ><\/div>\n\t\t\t\t\t\t\t\t\t\t\t<div class=\"elementor-gallery-item__overlay\"><\/div>\n\t\t\t\t\t\t\t\t\t\t\t\t\t\t<\/a>\n\t\t\t\t\t<\/div>\n\t\t\t\t\t<\/div>\n\t\t\t\t\t<\/div>\n\t\t<\/div>\n\t\t\t\t\t<\/div>\n\t\t<\/section>\n\t\t\t\t<section class=\"elementor-section elementor-top-section elementor-element elementor-element-6405551 elementor-section-boxed elementor-section-height-default elementor-section-height-default\" data-id=\"6405551\" data-element_type=\"section\" data-e-type=\"section\" data-settings=\"{&quot;_ha_eqh_enable&quot;:false}\">\n\t\t\t\t\t\t<div class=\"elementor-container elementor-column-gap-default\">\n\t\t\t\t\t<div class=\"elementor-column elementor-col-33 elementor-top-column elementor-element elementor-element-1dfbf62\" data-id=\"1dfbf62\" data-element_type=\"column\" data-e-type=\"column\">\n\t\t\t<div class=\"elementor-widget-wrap elementor-element-populated\">\n\t\t\t\t\t\t<div class=\"elementor-element elementor-element-710cc5f animated-slow elementor-invisible elementor-widget elementor-widget-heading\" data-id=\"710cc5f\" data-element_type=\"widget\" data-e-type=\"widget\" data-settings=\"{&quot;_animation&quot;:&quot;slideInLeft&quot;,&quot;_animation_delay&quot;:800}\" data-widget_type=\"heading.default\">\n\t\t\t\t\t<h3 class=\"elementor-heading-title elementor-size-default\">Nouvelles collections<\/h3>\t\t\t\t<\/div>\n\t\t\t\t\t<\/div>\n\t\t<\/div>\n\t\t\t\t<div class=\"elementor-column elementor-col-66 elementor-top-column elementor-element elementor-element-67d650e\" data-id=\"67d650e\" data-element_type=\"column\" data-e-type=\"column\">\n\t\t\t<div class=\"elementor-widget-wrap elementor-element-populated\">\n\t\t\t\t\t\t<div class=\"elementor-element elementor-element-08dfa88 elementor-hidden-phone elementor-widget elementor-widget-spacer\" data-id=\"08dfa88\" data-element_type=\"widget\" data-e-type=\"widget\" data-widget_type=\"spacer.default\">\n\t\t\t\t\t\t\t<div class=\"elementor-spacer\">\n\t\t\t<div class=\"elementor-spacer-inner\"><\/div>\n\t\t<\/div>\n\t\t\t\t\t\t<\/div>\n\t\t\t\t\t<\/div>\n\t\t<\/div>\n\t\t\t\t\t<\/div>\n\t\t<\/section>\n\t\t\t\t<section class=\"elementor-section elementor-top-section elementor-element elementor-element-ffc5366 elementor-section-boxed elementor-section-height-default elementor-section-height-default\" data-id=\"ffc5366\" data-element_type=\"section\" data-e-type=\"section\" data-settings=\"{&quot;_ha_eqh_enable&quot;:false}\">\n\t\t\t\t\t\t<div class=\"elementor-container elementor-column-gap-default\">\n\t\t\t\t\t<div class=\"elementor-column elementor-col-100 elementor-top-column elementor-element elementor-element-326b120\" data-id=\"326b120\" data-element_type=\"column\" data-e-type=\"column\">\n\t\t\t<div class=\"elementor-widget-wrap elementor-element-populated\">\n\t\t\t\t\t\t\t<\/div>\n\t\t<\/div>\n\t\t\t\t\t<\/div>\n\t\t<\/section>\n\t\t\t\t<\/div>\n\t\t","protected":false},"excerpt":{"rendered":"<p>Parquets et Stratifi\u00e9s L&#8217;importance des finitions Les finitions bois, naturelles ou synth\u00e9tiques, sont l\u2019une des options phares en mati\u00e8re de rev\u00eatement de sol. Chez Ferrcos, nous vous proposons \u00e9galement diff\u00e9rentes options pour les amateurs de ces pi\u00e8ces qui apportent de la chaleur \u00e0 tout espace. Du parquet naturel XXL avec ses veines incomparables aux stratifi\u00e9s [&hellip;]<\/p>\n","protected":false},"author":3,"featured_media":0,"parent":3435,"menu_order":0,"comment_status":"closed","ping_status":"closed","template":"","meta":{"footnotes":""},"class_list":["post-3456","page","type-page","status-publish","hentry"],"_links":{"self":[{"href":"https:\/\/www.ferrcos.es\/fr\/wp-json\/wp\/v2\/pages\/3456","targetHints":{"allow":["GET"]}}],"collection":[{"href":"https:\/\/www.ferrcos.es\/fr\/wp-json\/wp\/v2\/pages"}],"about":[{"href":"https:\/\/www.ferrcos.es\/fr\/wp-json\/wp\/v2\/types\/page"}],"author":[{"embeddable":true,"href":"https:\/\/www.ferrcos.es\/fr\/wp-json\/wp\/v2\/users\/3"}],"replies":[{"embeddable":true,"href":"https:\/\/www.ferrcos.es\/fr\/wp-json\/wp\/v2\/comments?post=3456"}],"version-history":[{"count":4,"href":"https:\/\/www.ferrcos.es\/fr\/wp-json\/wp\/v2\/pages\/3456\/revisions"}],"predecessor-version":[{"id":4124,"href":"https:\/\/www.ferrcos.es\/fr\/wp-json\/wp\/v2\/pages\/3456\/revisions\/4124"}],"up":[{"embeddable":true,"href":"https:\/\/www.ferrcos.es\/fr\/wp-json\/wp\/v2\/pages\/3435"}],"wp:attachment":[{"href":"https:\/\/www.ferrcos.es\/fr\/wp-json\/wp\/v2\/media?parent=3456"}],"curies":[{"name":"wp","href":"https:\/\/api.w.org\/{rel}","templated":true}]}}