{"id":3453,"date":"2023-12-20T09:12:48","date_gmt":"2023-12-20T09:12:48","guid":{"rendered":"https:\/\/www.ferrcos.es\/productos\/papel-vinilico\/"},"modified":"2024-03-11T12:24:06","modified_gmt":"2024-03-11T12:24:06","slug":"papel-vinilico","status":"publish","type":"page","link":"https:\/\/www.ferrcos.es\/fr\/productos\/papel-vinilico\/","title":{"rendered":"Papier vinyle"},"content":{"rendered":"\t\t<div data-elementor-type=\"wp-page\" data-elementor-id=\"3453\" class=\"elementor elementor-3453 elementor-431\" data-elementor-settings=\"{&quot;ha_cmc_init_switcher&quot;:&quot;no&quot;}\" data-elementor-post-type=\"page\">\n\t\t\t\t\t\t<section class=\"elementor-section elementor-top-section elementor-element elementor-element-17b1bf1 elementor-section-boxed elementor-section-height-default elementor-section-height-default\" data-id=\"17b1bf1\" data-element_type=\"section\" data-e-type=\"section\" data-settings=\"{&quot;background_background&quot;:&quot;slideshow&quot;,&quot;background_slideshow_gallery&quot;:[{&quot;id&quot;:1292,&quot;url&quot;:&quot;https:\\\/\\\/www.ferrcos.es\\\/wp-content\\\/uploads\\\/2024\\\/01\\\/METROPOLIS_INKLTLN2302_AMB_1080x1350.jpg&quot;},{&quot;id&quot;:1291,&quot;url&quot;:&quot;https:\\\/\\\/www.ferrcos.es\\\/wp-content\\\/uploads\\\/2024\\\/01\\\/LANZAROTE_INKRISG2301_AMB_1080x1350.jpg&quot;},{&quot;id&quot;:1290,&quot;url&quot;:&quot;https:\\\/\\\/www.ferrcos.es\\\/wp-content\\\/uploads\\\/2024\\\/01\\\/LADYLIKE_INKIONL2301_AMB_1080x1350.jpg&quot;}],&quot;background_slideshow_slide_duration&quot;:3000,&quot;background_slideshow_loop&quot;:&quot;yes&quot;,&quot;background_slideshow_slide_transition&quot;:&quot;fade&quot;,&quot;background_slideshow_transition_duration&quot;:500,&quot;_ha_eqh_enable&quot;:false}\">\n\t\t\t\t\t\t<div class=\"elementor-container elementor-column-gap-default\">\n\t\t\t\t\t<div class=\"elementor-column elementor-col-50 elementor-top-column elementor-element elementor-element-debff61\" data-id=\"debff61\" data-element_type=\"column\" data-e-type=\"column\" data-settings=\"{&quot;background_background&quot;:&quot;classic&quot;}\">\n\t\t\t<div class=\"elementor-widget-wrap elementor-element-populated\">\n\t\t\t\t\t\t<div class=\"elementor-element elementor-element-79450b3 elementor-widget elementor-widget-heading\" data-id=\"79450b3\" data-element_type=\"widget\" data-e-type=\"widget\" data-widget_type=\"heading.default\">\n\t\t\t\t\t<h1 class=\"elementor-heading-title elementor-size-default\">Papier vinyle<\/h1>\t\t\t\t<\/div>\n\t\t\t\t\t<\/div>\n\t\t<\/div>\n\t\t\t\t<div class=\"elementor-column elementor-col-50 elementor-top-column elementor-element elementor-element-aaf5396\" data-id=\"aaf5396\" data-element_type=\"column\" data-e-type=\"column\">\n\t\t\t<div class=\"elementor-widget-wrap\">\n\t\t\t\t\t\t\t<\/div>\n\t\t<\/div>\n\t\t\t\t\t<\/div>\n\t\t<\/section>\n\t\t\t\t<section class=\"elementor-section elementor-top-section elementor-element elementor-element-f2e617c elementor-section-boxed elementor-section-height-default elementor-section-height-default\" data-id=\"f2e617c\" data-element_type=\"section\" data-e-type=\"section\" data-settings=\"{&quot;_ha_eqh_enable&quot;:false}\">\n\t\t\t\t\t\t<div class=\"elementor-container elementor-column-gap-default\">\n\t\t\t\t\t<div class=\"elementor-column elementor-col-33 elementor-top-column elementor-element elementor-element-4b69cfa\" data-id=\"4b69cfa\" data-element_type=\"column\" data-e-type=\"column\">\n\t\t\t<div class=\"elementor-widget-wrap elementor-element-populated\">\n\t\t\t\t\t\t<div class=\"elementor-element elementor-element-617cf8d animated-slow elementor-widget__width-auto elementor-invisible elementor-widget elementor-widget-heading\" data-id=\"617cf8d\" data-element_type=\"widget\" data-e-type=\"widget\" data-settings=\"{&quot;_animation&quot;:&quot;slideInLeft&quot;,&quot;_animation_delay&quot;:800}\" data-widget_type=\"heading.default\">\n\t\t\t\t\t<h3 class=\"elementor-heading-title elementor-size-default\">Des possibilit\u00e9s infinies<\/h3>\t\t\t\t<\/div>\n\t\t\t\t\t<\/div>\n\t\t<\/div>\n\t\t\t\t<div class=\"elementor-column elementor-col-66 elementor-top-column elementor-element elementor-element-c68df79\" data-id=\"c68df79\" data-element_type=\"column\" data-e-type=\"column\">\n\t\t\t<div class=\"elementor-widget-wrap elementor-element-populated\">\n\t\t\t\t\t\t<div class=\"elementor-element elementor-element-c9e77cd elementor-hidden-phone elementor-widget elementor-widget-spacer\" data-id=\"c9e77cd\" data-element_type=\"widget\" data-e-type=\"widget\" data-widget_type=\"spacer.default\">\n\t\t\t\t\t\t\t<div class=\"elementor-spacer\">\n\t\t\t<div class=\"elementor-spacer-inner\"><\/div>\n\t\t<\/div>\n\t\t\t\t\t\t<\/div>\n\t\t\t\t\t<\/div>\n\t\t<\/div>\n\t\t\t\t\t<\/div>\n\t\t<\/section>\n\t\t\t\t<section class=\"elementor-section elementor-top-section elementor-element elementor-element-883948a animated-slow elementor-section-boxed elementor-section-height-default elementor-section-height-default elementor-invisible\" data-id=\"883948a\" data-element_type=\"section\" data-e-type=\"section\" data-settings=\"{&quot;animation&quot;:&quot;zoomIn&quot;,&quot;_ha_eqh_enable&quot;:false}\">\n\t\t\t\t\t\t<div class=\"elementor-container elementor-column-gap-default\">\n\t\t\t\t\t<div class=\"elementor-column elementor-col-100 elementor-top-column elementor-element elementor-element-70ef4bf\" data-id=\"70ef4bf\" data-element_type=\"column\" data-e-type=\"column\">\n\t\t\t<div class=\"elementor-widget-wrap elementor-element-populated\">\n\t\t\t\t\t\t<div class=\"elementor-element elementor-element-d097275 elementor-widget__width-auto elementor-widget elementor-widget-text-editor\" data-id=\"d097275\" data-element_type=\"widget\" data-e-type=\"widget\" data-widget_type=\"text-editor.default\">\n\t\t\t\t\t\t\t\t\t<p style=\"font-weight: 400;\">Les papiers d\u00e9coratifs vinyle offrent une infinies de possibilit\u00e9s afin de d\u00e9corer une pi\u00e8ce. Les diff\u00e9rents designs ouvrent toute une gamme d&#8217;options afin d\u2019ajouter texture, chaleur, couleur et originalit\u00e9 \u00e0 vos espaces int\u00e9rieurs.<\/p><p style=\"font-weight: 400;\">Un autre avantage de ce type d\u2019\u00e9l\u00e9ment d\u00e9coratif est sa facilit\u00e9 d\u2019installation et sa flexibilit\u00e9 qui permet de s\u2019adapter \u00e0 n\u2019importe quelle surface et dimension. En outre, ses mat\u00e9riaux permettent un nettoyage facile et une haute r\u00e9sistance de sorte que sa durabilit\u00e9 est assur\u00e9e. N&#8217;h\u00e9sitez pas \u00e0 nous rendre visite et \u00e0 demander \u00e0 notre \u00e9quipe sur toutes les options disponibles.<\/p>\t\t\t\t\t\t\t\t<\/div>\n\t\t\t\t\t<\/div>\n\t\t<\/div>\n\t\t\t\t\t<\/div>\n\t\t<\/section>\n\t\t\t\t<section class=\"elementor-section elementor-top-section elementor-element elementor-element-8dcccb3 elementor-section-full_width elementor-section-height-default elementor-section-height-default\" data-id=\"8dcccb3\" data-element_type=\"section\" data-e-type=\"section\" data-settings=\"{&quot;_ha_eqh_enable&quot;:false}\">\n\t\t\t\t\t\t<div class=\"elementor-container elementor-column-gap-no\">\n\t\t\t\t\t<div class=\"elementor-column elementor-col-100 elementor-top-column elementor-element elementor-element-a5099e6\" data-id=\"a5099e6\" data-element_type=\"column\" data-e-type=\"column\">\n\t\t\t<div class=\"elementor-widget-wrap elementor-element-populated\">\n\t\t\t\t\t\t<div class=\"elementor-element elementor-element-5e2c600 elementor-widget elementor-widget-gallery\" data-id=\"5e2c600\" data-element_type=\"widget\" data-e-type=\"widget\" data-settings=\"{&quot;gallery_layout&quot;:&quot;grid&quot;,&quot;columns&quot;:4,&quot;columns_tablet&quot;:2,&quot;columns_mobile&quot;:1,&quot;gap&quot;:{&quot;unit&quot;:&quot;px&quot;,&quot;size&quot;:10,&quot;sizes&quot;:[]},&quot;gap_tablet&quot;:{&quot;unit&quot;:&quot;px&quot;,&quot;size&quot;:10,&quot;sizes&quot;:[]},&quot;gap_mobile&quot;:{&quot;unit&quot;:&quot;px&quot;,&quot;size&quot;:10,&quot;sizes&quot;:[]},&quot;link_to&quot;:&quot;file&quot;,&quot;aspect_ratio&quot;:&quot;3:2&quot;,&quot;overlay_background&quot;:&quot;yes&quot;,&quot;content_hover_animation&quot;:&quot;fade-in&quot;}\" data-widget_type=\"gallery.default\">\n\t\t\t\t\t\t\t<div class=\"elementor-gallery__container\">\n\t\t\t\t\t\t\t<a class=\"e-gallery-item elementor-gallery-item elementor-animated-content\" href=\"https:\/\/www.ferrcos.es\/wp-content\/uploads\/2024\/01\/LAGO_DI_GARDA_INKRANA2302_AMB-1.jpg\" data-elementor-open-lightbox=\"yes\" data-elementor-lightbox-slideshow=\"5e2c600\" data-elementor-lightbox-title=\"LAGO_DI_GARDA_INKRANA2302_AMB\" data-e-action-hash=\"#elementor-action%3Aaction%3Dlightbox%26settings%3DeyJpZCI6MTI4NywidXJsIjoiaHR0cHM6XC9cL3d3dy5mZXJyY29zLmVzXC93cC1jb250ZW50XC91cGxvYWRzXC8yMDI0XC8wMVwvTEFHT19ESV9HQVJEQV9JTktSQU5BMjMwMl9BTUItMS5qcGciLCJzbGlkZXNob3ciOiI1ZTJjNjAwIn0%3D\">\n\t\t\t\t\t<div class=\"e-gallery-image elementor-gallery-item__image\" data-thumbnail=\"https:\/\/www.ferrcos.es\/wp-content\/uploads\/2024\/01\/LAGO_DI_GARDA_INKRANA2302_AMB-1-768x960.jpg\" data-width=\"768\" data-height=\"960\" aria-label=\"\" role=\"img\" ><\/div>\n\t\t\t\t\t\t\t\t\t\t\t<div class=\"elementor-gallery-item__overlay\"><\/div>\n\t\t\t\t\t\t\t\t\t\t\t\t\t\t<\/a>\n\t\t\t\t\t\t\t<a class=\"e-gallery-item elementor-gallery-item elementor-animated-content\" href=\"https:\/\/www.ferrcos.es\/wp-content\/uploads\/2024\/01\/SORRENTO_INKIBNI2301_AMB-1.jpg\" data-elementor-open-lightbox=\"yes\" data-elementor-lightbox-slideshow=\"5e2c600\" data-elementor-lightbox-title=\"SORRENTO_INKIBNI2301_AMB\" data-e-action-hash=\"#elementor-action%3Aaction%3Dlightbox%26settings%3DeyJpZCI6MTI4OCwidXJsIjoiaHR0cHM6XC9cL3d3dy5mZXJyY29zLmVzXC93cC1jb250ZW50XC91cGxvYWRzXC8yMDI0XC8wMVwvU09SUkVOVE9fSU5LSUJOSTIzMDFfQU1CLTEuanBnIiwic2xpZGVzaG93IjoiNWUyYzYwMCJ9\">\n\t\t\t\t\t<div class=\"e-gallery-image elementor-gallery-item__image\" data-thumbnail=\"https:\/\/www.ferrcos.es\/wp-content\/uploads\/2024\/01\/SORRENTO_INKIBNI2301_AMB-1-768x960.jpg\" data-width=\"768\" data-height=\"960\" aria-label=\"\" role=\"img\" ><\/div>\n\t\t\t\t\t\t\t\t\t\t\t<div class=\"elementor-gallery-item__overlay\"><\/div>\n\t\t\t\t\t\t\t\t\t\t\t\t\t\t<\/a>\n\t\t\t\t\t\t\t<a class=\"e-gallery-item elementor-gallery-item elementor-animated-content\" href=\"https:\/\/www.ferrcos.es\/wp-content\/uploads\/2023\/12\/Ambiente03_Geo_B_dett01-1-448x563-3-INKBATH.jpg\" data-elementor-open-lightbox=\"yes\" data-elementor-lightbox-slideshow=\"5e2c600\" data-elementor-lightbox-title=\"Ambiente03_Geo_B_dett01-1-448x563 3 INKBATH\" data-e-action-hash=\"#elementor-action%3Aaction%3Dlightbox%26settings%3DeyJpZCI6NjgzLCJ1cmwiOiJodHRwczpcL1wvd3d3LmZlcnJjb3MuZXNcL3dwLWNvbnRlbnRcL3VwbG9hZHNcLzIwMjNcLzEyXC9BbWJpZW50ZTAzX0dlb19CX2RldHQwMS0xLTQ0OHg1NjMtMy1JTktCQVRILmpwZyIsInNsaWRlc2hvdyI6IjVlMmM2MDAifQ%3D%3D\">\n\t\t\t\t\t<div class=\"e-gallery-image elementor-gallery-item__image\" data-thumbnail=\"https:\/\/www.ferrcos.es\/wp-content\/uploads\/2023\/12\/Ambiente03_Geo_B_dett01-1-448x563-3-INKBATH.jpg\" data-width=\"448\" data-height=\"563\" aria-label=\"\" role=\"img\" ><\/div>\n\t\t\t\t\t\t\t\t\t\t\t<div class=\"elementor-gallery-item__overlay\"><\/div>\n\t\t\t\t\t\t\t\t\t\t\t\t\t\t<\/a>\n\t\t\t\t\t\t\t<a class=\"e-gallery-item elementor-gallery-item elementor-animated-content\" href=\"https:\/\/www.ferrcos.es\/wp-content\/uploads\/2023\/12\/Ambiente-per-video_05_1920x1080-1-INKBATH.jpg\" data-elementor-open-lightbox=\"yes\" data-elementor-lightbox-slideshow=\"5e2c600\" data-elementor-lightbox-title=\"Ambiente-per-video_05_1920x1080 1 INKBATH\" data-e-action-hash=\"#elementor-action%3Aaction%3Dlightbox%26settings%3DeyJpZCI6NjgyLCJ1cmwiOiJodHRwczpcL1wvd3d3LmZlcnJjb3MuZXNcL3dwLWNvbnRlbnRcL3VwbG9hZHNcLzIwMjNcLzEyXC9BbWJpZW50ZS1wZXItdmlkZW9fMDVfMTkyMHgxMDgwLTEtSU5LQkFUSC5qcGciLCJzbGlkZXNob3ciOiI1ZTJjNjAwIn0%3D\">\n\t\t\t\t\t<div class=\"e-gallery-image elementor-gallery-item__image\" data-thumbnail=\"https:\/\/www.ferrcos.es\/wp-content\/uploads\/2023\/12\/Ambiente-per-video_05_1920x1080-1-INKBATH-768x432.jpg\" data-width=\"768\" data-height=\"432\" aria-label=\"\" role=\"img\" ><\/div>\n\t\t\t\t\t\t\t\t\t\t\t<div class=\"elementor-gallery-item__overlay\"><\/div>\n\t\t\t\t\t\t\t\t\t\t\t\t\t\t<\/a>\n\t\t\t\t\t\t\t<a class=\"e-gallery-item elementor-gallery-item elementor-animated-content\" href=\"https:\/\/www.ferrcos.es\/wp-content\/uploads\/2023\/12\/Ambiente04_Puzzle_A_dett01-1-448x563-4-INKBATH.jpg\" data-elementor-open-lightbox=\"yes\" data-elementor-lightbox-slideshow=\"5e2c600\" data-elementor-lightbox-title=\"Ambiente04_Puzzle_A_dett01-1-448x563 4 INKBATH\" data-e-action-hash=\"#elementor-action%3Aaction%3Dlightbox%26settings%3DeyJpZCI6Njg1LCJ1cmwiOiJodHRwczpcL1wvd3d3LmZlcnJjb3MuZXNcL3dwLWNvbnRlbnRcL3VwbG9hZHNcLzIwMjNcLzEyXC9BbWJpZW50ZTA0X1B1enpsZV9BX2RldHQwMS0xLTQ0OHg1NjMtNC1JTktCQVRILmpwZyIsInNsaWRlc2hvdyI6IjVlMmM2MDAifQ%3D%3D\">\n\t\t\t\t\t<div class=\"e-gallery-image elementor-gallery-item__image\" data-thumbnail=\"https:\/\/www.ferrcos.es\/wp-content\/uploads\/2023\/12\/Ambiente04_Puzzle_A_dett01-1-448x563-4-INKBATH.jpg\" data-width=\"448\" data-height=\"563\" aria-label=\"\" role=\"img\" ><\/div>\n\t\t\t\t\t\t\t\t\t\t\t<div class=\"elementor-gallery-item__overlay\"><\/div>\n\t\t\t\t\t\t\t\t\t\t\t\t\t\t<\/a>\n\t\t\t\t\t\t\t<a class=\"e-gallery-item elementor-gallery-item elementor-animated-content\" href=\"https:\/\/www.ferrcos.es\/wp-content\/uploads\/2024\/01\/LADYLIKE_INKIONL2301_AMB_1080x1350.jpg\" data-elementor-open-lightbox=\"yes\" data-elementor-lightbox-slideshow=\"5e2c600\" data-elementor-lightbox-title=\"LADYLIKE_INKIONL2301_AMB_1080x1350\" data-e-action-hash=\"#elementor-action%3Aaction%3Dlightbox%26settings%3DeyJpZCI6MTI5MCwidXJsIjoiaHR0cHM6XC9cL3d3dy5mZXJyY29zLmVzXC93cC1jb250ZW50XC91cGxvYWRzXC8yMDI0XC8wMVwvTEFEWUxJS0VfSU5LSU9OTDIzMDFfQU1CXzEwODB4MTM1MC5qcGciLCJzbGlkZXNob3ciOiI1ZTJjNjAwIn0%3D\">\n\t\t\t\t\t<div class=\"e-gallery-image elementor-gallery-item__image\" data-thumbnail=\"https:\/\/www.ferrcos.es\/wp-content\/uploads\/2024\/01\/LADYLIKE_INKIONL2301_AMB_1080x1350-768x960.jpg\" data-width=\"768\" data-height=\"960\" aria-label=\"\" role=\"img\" ><\/div>\n\t\t\t\t\t\t\t\t\t\t\t<div class=\"elementor-gallery-item__overlay\"><\/div>\n\t\t\t\t\t\t\t\t\t\t\t\t\t\t<\/a>\n\t\t\t\t\t\t\t<a class=\"e-gallery-item elementor-gallery-item elementor-animated-content\" href=\"https:\/\/www.ferrcos.es\/wp-content\/uploads\/2024\/01\/LANZAROTE_INKRISG2301_AMB_1080x1350.jpg\" data-elementor-open-lightbox=\"yes\" data-elementor-lightbox-slideshow=\"5e2c600\" data-elementor-lightbox-title=\"LANZAROTE_INKRISG2301_AMB_1080x1350\" data-e-action-hash=\"#elementor-action%3Aaction%3Dlightbox%26settings%3DeyJpZCI6MTI5MSwidXJsIjoiaHR0cHM6XC9cL3d3dy5mZXJyY29zLmVzXC93cC1jb250ZW50XC91cGxvYWRzXC8yMDI0XC8wMVwvTEFOWkFST1RFX0lOS1JJU0cyMzAxX0FNQl8xMDgweDEzNTAuanBnIiwic2xpZGVzaG93IjoiNWUyYzYwMCJ9\">\n\t\t\t\t\t<div class=\"e-gallery-image elementor-gallery-item__image\" data-thumbnail=\"https:\/\/www.ferrcos.es\/wp-content\/uploads\/2024\/01\/LANZAROTE_INKRISG2301_AMB_1080x1350-768x960.jpg\" data-width=\"768\" data-height=\"960\" aria-label=\"\" role=\"img\" ><\/div>\n\t\t\t\t\t\t\t\t\t\t\t<div class=\"elementor-gallery-item__overlay\"><\/div>\n\t\t\t\t\t\t\t\t\t\t\t\t\t\t<\/a>\n\t\t\t\t\t\t\t<a class=\"e-gallery-item elementor-gallery-item elementor-animated-content\" href=\"https:\/\/www.ferrcos.es\/wp-content\/uploads\/2024\/01\/METROPOLIS_INKLTLN2302_AMB_1080x1350.jpg\" data-elementor-open-lightbox=\"yes\" data-elementor-lightbox-slideshow=\"5e2c600\" data-elementor-lightbox-title=\"METROPOLIS_INKLTLN2302_AMB_1080x1350\" data-e-action-hash=\"#elementor-action%3Aaction%3Dlightbox%26settings%3DeyJpZCI6MTI5MiwidXJsIjoiaHR0cHM6XC9cL3d3dy5mZXJyY29zLmVzXC93cC1jb250ZW50XC91cGxvYWRzXC8yMDI0XC8wMVwvTUVUUk9QT0xJU19JTktMVExOMjMwMl9BTUJfMTA4MHgxMzUwLmpwZyIsInNsaWRlc2hvdyI6IjVlMmM2MDAifQ%3D%3D\">\n\t\t\t\t\t<div class=\"e-gallery-image elementor-gallery-item__image\" data-thumbnail=\"https:\/\/www.ferrcos.es\/wp-content\/uploads\/2024\/01\/METROPOLIS_INKLTLN2302_AMB_1080x1350-768x960.jpg\" data-width=\"768\" data-height=\"960\" aria-label=\"\" role=\"img\" ><\/div>\n\t\t\t\t\t\t\t\t\t\t\t<div class=\"elementor-gallery-item__overlay\"><\/div>\n\t\t\t\t\t\t\t\t\t\t\t\t\t\t<\/a>\n\t\t\t\t\t<\/div>\n\t\t\t\t\t<\/div>\n\t\t\t\t\t<\/div>\n\t\t<\/div>\n\t\t\t\t\t<\/div>\n\t\t<\/section>\n\t\t\t\t<section class=\"elementor-section elementor-top-section elementor-element elementor-element-6405551 elementor-section-boxed elementor-section-height-default elementor-section-height-default\" data-id=\"6405551\" data-element_type=\"section\" data-e-type=\"section\" data-settings=\"{&quot;_ha_eqh_enable&quot;:false}\">\n\t\t\t\t\t\t<div class=\"elementor-container elementor-column-gap-default\">\n\t\t\t\t\t<div class=\"elementor-column elementor-col-33 elementor-top-column elementor-element elementor-element-1dfbf62\" data-id=\"1dfbf62\" data-element_type=\"column\" data-e-type=\"column\">\n\t\t\t<div class=\"elementor-widget-wrap elementor-element-populated\">\n\t\t\t\t\t\t<div class=\"elementor-element elementor-element-710cc5f animated-slow elementor-invisible elementor-widget elementor-widget-heading\" data-id=\"710cc5f\" data-element_type=\"widget\" data-e-type=\"widget\" data-settings=\"{&quot;_animation&quot;:&quot;slideInLeft&quot;,&quot;_animation_delay&quot;:800}\" data-widget_type=\"heading.default\">\n\t\t\t\t\t<h3 class=\"elementor-heading-title elementor-size-default\">Nouvelles collections<\/h3>\t\t\t\t<\/div>\n\t\t\t\t\t<\/div>\n\t\t<\/div>\n\t\t\t\t<div class=\"elementor-column elementor-col-66 elementor-top-column elementor-element elementor-element-67d650e\" data-id=\"67d650e\" data-element_type=\"column\" data-e-type=\"column\">\n\t\t\t<div class=\"elementor-widget-wrap elementor-element-populated\">\n\t\t\t\t\t\t<div class=\"elementor-element elementor-element-08dfa88 elementor-hidden-phone elementor-widget elementor-widget-spacer\" data-id=\"08dfa88\" data-element_type=\"widget\" data-e-type=\"widget\" data-widget_type=\"spacer.default\">\n\t\t\t\t\t\t\t<div class=\"elementor-spacer\">\n\t\t\t<div class=\"elementor-spacer-inner\"><\/div>\n\t\t<\/div>\n\t\t\t\t\t\t<\/div>\n\t\t\t\t\t<\/div>\n\t\t<\/div>\n\t\t\t\t\t<\/div>\n\t\t<\/section>\n\t\t\t\t<section class=\"elementor-section elementor-top-section elementor-element elementor-element-ffc5366 elementor-section-boxed elementor-section-height-default elementor-section-height-default\" data-id=\"ffc5366\" data-element_type=\"section\" data-e-type=\"section\" data-settings=\"{&quot;_ha_eqh_enable&quot;:false}\">\n\t\t\t\t\t\t<div class=\"elementor-container elementor-column-gap-default\">\n\t\t\t\t\t<div class=\"elementor-column elementor-col-100 elementor-top-column elementor-element elementor-element-326b120\" data-id=\"326b120\" data-element_type=\"column\" data-e-type=\"column\">\n\t\t\t<div class=\"elementor-widget-wrap elementor-element-populated\">\n\t\t\t\t\t\t\t<\/div>\n\t\t<\/div>\n\t\t\t\t\t<\/div>\n\t\t<\/section>\n\t\t\t\t<\/div>\n\t\t","protected":false},"excerpt":{"rendered":"<p>Papier vinyle Des possibilit\u00e9s infinies Les papiers d\u00e9coratifs vinyle offrent une infinies de possibilit\u00e9s afin de d\u00e9corer une pi\u00e8ce. Les diff\u00e9rents designs ouvrent toute une gamme d&#8217;options afin d\u2019ajouter texture, chaleur, couleur et originalit\u00e9 \u00e0 vos espaces int\u00e9rieurs. Un autre avantage de ce type d\u2019\u00e9l\u00e9ment d\u00e9coratif est sa facilit\u00e9 d\u2019installation et sa flexibilit\u00e9 qui permet [&hellip;]<\/p>\n","protected":false},"author":1,"featured_media":0,"parent":3435,"menu_order":0,"comment_status":"closed","ping_status":"closed","template":"","meta":{"footnotes":""},"class_list":["post-3453","page","type-page","status-publish","hentry"],"_links":{"self":[{"href":"https:\/\/www.ferrcos.es\/fr\/wp-json\/wp\/v2\/pages\/3453","targetHints":{"allow":["GET"]}}],"collection":[{"href":"https:\/\/www.ferrcos.es\/fr\/wp-json\/wp\/v2\/pages"}],"about":[{"href":"https:\/\/www.ferrcos.es\/fr\/wp-json\/wp\/v2\/types\/page"}],"author":[{"embeddable":true,"href":"https:\/\/www.ferrcos.es\/fr\/wp-json\/wp\/v2\/users\/1"}],"replies":[{"embeddable":true,"href":"https:\/\/www.ferrcos.es\/fr\/wp-json\/wp\/v2\/comments?post=3453"}],"version-history":[{"count":4,"href":"https:\/\/www.ferrcos.es\/fr\/wp-json\/wp\/v2\/pages\/3453\/revisions"}],"predecessor-version":[{"id":4128,"href":"https:\/\/www.ferrcos.es\/fr\/wp-json\/wp\/v2\/pages\/3453\/revisions\/4128"}],"up":[{"embeddable":true,"href":"https:\/\/www.ferrcos.es\/fr\/wp-json\/wp\/v2\/pages\/3435"}],"wp:attachment":[{"href":"https:\/\/www.ferrcos.es\/fr\/wp-json\/wp\/v2\/media?parent=3453"}],"curies":[{"name":"wp","href":"https:\/\/api.w.org\/{rel}","templated":true}]}}