{"id":3447,"date":"2023-12-20T12:15:43","date_gmt":"2023-12-20T12:15:43","guid":{"rendered":"https:\/\/www.ferrcos.es\/productos\/complementos-bano\/"},"modified":"2024-03-11T12:37:16","modified_gmt":"2024-03-11T12:37:16","slug":"complementos-bano","status":"publish","type":"page","link":"https:\/\/www.ferrcos.es\/fr\/productos\/complementos-bano\/","title":{"rendered":"Accessoires de salle de bain"},"content":{"rendered":"\t\t<div data-elementor-type=\"wp-page\" data-elementor-id=\"3447\" class=\"elementor elementor-3447 elementor-521\" data-elementor-settings=\"{&quot;ha_cmc_init_switcher&quot;:&quot;no&quot;}\" data-elementor-post-type=\"page\">\n\t\t\t\t\t\t<section class=\"elementor-section elementor-top-section elementor-element elementor-element-17b1bf1 elementor-section-boxed elementor-section-height-default elementor-section-height-default\" data-id=\"17b1bf1\" data-element_type=\"section\" data-e-type=\"section\" data-settings=\"{&quot;background_background&quot;:&quot;slideshow&quot;,&quot;background_slideshow_gallery&quot;:[{&quot;id&quot;:1272,&quot;url&quot;:&quot;https:\\\/\\\/www.ferrcos.es\\\/wp-content\\\/uploads\\\/2024\\\/01\\\/WJC216A0004083_01_t_CloseUp_Pictures_TF_Mob_clos_xxl_v2-scaled.jpg&quot;},{&quot;id&quot;:1273,&quot;url&quot;:&quot;https:\\\/\\\/www.ferrcos.es\\\/wp-content\\\/uploads\\\/2024\\\/01\\\/WJC226A0059036_DET_2_t_CloseUp_Pictures_TF_Mob_clos_xxl_v2.jpg&quot;},{&quot;id&quot;:607,&quot;url&quot;:&quot;https:\\\/\\\/www.ferrcos.es\\\/wp-content\\\/uploads\\\/2023\\\/12\\\/WJC252A0004026_DET_1_t_CloseUp_Pictures_TF_Mob_clos_xxl_v2.jpg&quot;},{&quot;id&quot;:1975,&quot;url&quot;:&quot;https:\\\/\\\/www.ferrcos.es\\\/wp-content\\\/uploads\\\/2024\\\/02\\\/WJC235A0033034_DET_2_t_CloseUp_Pictures_TF_Mob_clos_xxl_v2.jpg&quot;},{&quot;id&quot;:1976,&quot;url&quot;:&quot;https:\\\/\\\/www.ferrcos.es\\\/wp-content\\\/uploads\\\/2024\\\/02\\\/WJC235A0085001_01_closeup_t_CloseUp_Pictures_TF_Mob_clos_xxl_v2-scaled.jpg&quot;}],&quot;background_slideshow_slide_duration&quot;:3000,&quot;background_slideshow_loop&quot;:&quot;yes&quot;,&quot;background_slideshow_slide_transition&quot;:&quot;fade&quot;,&quot;background_slideshow_transition_duration&quot;:500,&quot;_ha_eqh_enable&quot;:false}\">\n\t\t\t\t\t\t<div class=\"elementor-container elementor-column-gap-default\">\n\t\t\t\t\t<div class=\"elementor-column elementor-col-50 elementor-top-column elementor-element elementor-element-debff61\" data-id=\"debff61\" data-element_type=\"column\" data-e-type=\"column\" data-settings=\"{&quot;background_background&quot;:&quot;classic&quot;}\">\n\t\t\t<div class=\"elementor-widget-wrap elementor-element-populated\">\n\t\t\t\t\t\t<div class=\"elementor-element elementor-element-79450b3 elementor-widget elementor-widget-heading\" data-id=\"79450b3\" data-element_type=\"widget\" data-e-type=\"widget\" data-widget_type=\"heading.default\">\n\t\t\t\t\t<h1 class=\"elementor-heading-title elementor-size-default\">Accessoires de salle de bain<\/h1>\t\t\t\t<\/div>\n\t\t\t\t\t<\/div>\n\t\t<\/div>\n\t\t\t\t<div class=\"elementor-column elementor-col-50 elementor-top-column elementor-element elementor-element-aaf5396\" data-id=\"aaf5396\" data-element_type=\"column\" data-e-type=\"column\">\n\t\t\t<div class=\"elementor-widget-wrap\">\n\t\t\t\t\t\t\t<\/div>\n\t\t<\/div>\n\t\t\t\t\t<\/div>\n\t\t<\/section>\n\t\t\t\t<section class=\"elementor-section elementor-top-section elementor-element elementor-element-f2e617c elementor-section-boxed elementor-section-height-default elementor-section-height-default\" data-id=\"f2e617c\" data-element_type=\"section\" data-e-type=\"section\" data-settings=\"{&quot;_ha_eqh_enable&quot;:false}\">\n\t\t\t\t\t\t<div class=\"elementor-container elementor-column-gap-default\">\n\t\t\t\t\t<div class=\"elementor-column elementor-col-33 elementor-top-column elementor-element elementor-element-4b69cfa\" data-id=\"4b69cfa\" data-element_type=\"column\" data-e-type=\"column\">\n\t\t\t<div class=\"elementor-widget-wrap elementor-element-populated\">\n\t\t\t\t\t\t<div class=\"elementor-element elementor-element-617cf8d animated-slow elementor-widget__width-auto elementor-invisible elementor-widget elementor-widget-heading\" data-id=\"617cf8d\" data-element_type=\"widget\" data-e-type=\"widget\" data-settings=\"{&quot;_animation&quot;:&quot;slideInLeft&quot;,&quot;_animation_delay&quot;:800}\" data-widget_type=\"heading.default\">\n\t\t\t\t\t<h3 class=\"elementor-heading-title elementor-size-default\">Chaque d\u00e9tail compte<\/h3>\t\t\t\t<\/div>\n\t\t\t\t\t<\/div>\n\t\t<\/div>\n\t\t\t\t<div class=\"elementor-column elementor-col-66 elementor-top-column elementor-element elementor-element-c68df79\" data-id=\"c68df79\" data-element_type=\"column\" data-e-type=\"column\">\n\t\t\t<div class=\"elementor-widget-wrap elementor-element-populated\">\n\t\t\t\t\t\t<div class=\"elementor-element elementor-element-c9e77cd elementor-hidden-phone elementor-widget elementor-widget-spacer\" data-id=\"c9e77cd\" data-element_type=\"widget\" data-e-type=\"widget\" data-widget_type=\"spacer.default\">\n\t\t\t\t\t\t\t<div class=\"elementor-spacer\">\n\t\t\t<div class=\"elementor-spacer-inner\"><\/div>\n\t\t<\/div>\n\t\t\t\t\t\t<\/div>\n\t\t\t\t\t<\/div>\n\t\t<\/div>\n\t\t\t\t\t<\/div>\n\t\t<\/section>\n\t\t\t\t<section class=\"elementor-section elementor-top-section elementor-element elementor-element-883948a animated-slow elementor-section-boxed elementor-section-height-default elementor-section-height-default elementor-invisible\" data-id=\"883948a\" data-element_type=\"section\" data-e-type=\"section\" data-settings=\"{&quot;animation&quot;:&quot;zoomIn&quot;,&quot;_ha_eqh_enable&quot;:false}\">\n\t\t\t\t\t\t<div class=\"elementor-container elementor-column-gap-default\">\n\t\t\t\t\t<div class=\"elementor-column elementor-col-100 elementor-top-column elementor-element elementor-element-70ef4bf\" data-id=\"70ef4bf\" data-element_type=\"column\" data-e-type=\"column\">\n\t\t\t<div class=\"elementor-widget-wrap elementor-element-populated\">\n\t\t\t\t\t\t<div class=\"elementor-element elementor-element-d097275 elementor-widget__width-auto elementor-widget elementor-widget-text-editor\" data-id=\"d097275\" data-element_type=\"widget\" data-e-type=\"widget\" data-widget_type=\"text-editor.default\">\n\t\t\t\t\t\t\t\t\t<p style=\"font-weight: 400;\">Outre le rev\u00eatement, les sanitaires ou de la robinetterie, les compl\u00e9ments et accessoires sont indispensables afin de donner de la coh\u00e9rence esth\u00e9tique \u00e0 votre projet. Porte-serviettes, porte-savons, miroirs&#8230; chaque d\u00e9tail compte. Conscients de cela, chez Ferrcos nous vous proposons \u00e9galement une grande vari\u00e9t\u00e9 d&#8217;accessoires de salle de bain afin que vous puissiez concevoir un design complet de votre pi\u00e8ce.<\/p><p style=\"font-weight: 400;\">Le choix judicieux de ces accessoires r\u00e9pond non seulement aux besoins quotidiens, mais refl\u00e8te \u00e9galement le style et la personnalit\u00e9 de l&#8217;utilisateur. Notre large gamme de produits garantit non seulement la durabilit\u00e9 et la qualit\u00e9, mais offre \u00e9galement des options polyvalentes afin de r\u00e9pondre \u00e0 diff\u00e9rents go\u00fbts et styles de d\u00e9coration. D\u00e9couvrez comment ces petits d\u00e9tails peuvent transformer votre salle de bain en un espace fonctionnel, stylis\u00e9 et accueillant.<\/p>\t\t\t\t\t\t\t\t<\/div>\n\t\t\t\t\t<\/div>\n\t\t<\/div>\n\t\t\t\t\t<\/div>\n\t\t<\/section>\n\t\t\t\t<section class=\"elementor-section elementor-top-section elementor-element elementor-element-8dcccb3 elementor-section-full_width elementor-section-height-default elementor-section-height-default\" data-id=\"8dcccb3\" data-element_type=\"section\" data-e-type=\"section\" data-settings=\"{&quot;_ha_eqh_enable&quot;:false}\">\n\t\t\t\t\t\t<div class=\"elementor-container elementor-column-gap-no\">\n\t\t\t\t\t<div class=\"elementor-column elementor-col-100 elementor-top-column elementor-element elementor-element-a5099e6\" data-id=\"a5099e6\" data-element_type=\"column\" data-e-type=\"column\">\n\t\t\t<div class=\"elementor-widget-wrap elementor-element-populated\">\n\t\t\t\t\t\t<div class=\"elementor-element elementor-element-5e2c600 elementor-widget elementor-widget-gallery\" data-id=\"5e2c600\" data-element_type=\"widget\" data-e-type=\"widget\" data-settings=\"{&quot;gallery_layout&quot;:&quot;grid&quot;,&quot;columns&quot;:4,&quot;columns_tablet&quot;:2,&quot;columns_mobile&quot;:1,&quot;gap&quot;:{&quot;unit&quot;:&quot;px&quot;,&quot;size&quot;:10,&quot;sizes&quot;:[]},&quot;gap_tablet&quot;:{&quot;unit&quot;:&quot;px&quot;,&quot;size&quot;:10,&quot;sizes&quot;:[]},&quot;gap_mobile&quot;:{&quot;unit&quot;:&quot;px&quot;,&quot;size&quot;:10,&quot;sizes&quot;:[]},&quot;link_to&quot;:&quot;file&quot;,&quot;aspect_ratio&quot;:&quot;3:2&quot;,&quot;overlay_background&quot;:&quot;yes&quot;,&quot;content_hover_animation&quot;:&quot;fade-in&quot;}\" data-widget_type=\"gallery.default\">\n\t\t\t\t\t\t\t<div class=\"elementor-gallery__container\">\n\t\t\t\t\t\t\t<a class=\"e-gallery-item elementor-gallery-item elementor-animated-content\" href=\"https:\/\/www.ferrcos.es\/wp-content\/uploads\/2024\/01\/WJC216A0004083_01_t_CloseUp_Pictures_TF_Mob_clos_xxl_v2-scaled.jpg\" data-elementor-open-lightbox=\"yes\" data-elementor-lightbox-slideshow=\"5e2c600\" data-elementor-lightbox-title=\"WJC216A0004083_01_t_CloseUp_Pictures_TF_Mob_clos_xxl_v2\" data-e-action-hash=\"#elementor-action%3Aaction%3Dlightbox%26settings%3DeyJpZCI6MTI3MiwidXJsIjoiaHR0cHM6XC9cL3d3dy5mZXJyY29zLmVzXC93cC1jb250ZW50XC91cGxvYWRzXC8yMDI0XC8wMVwvV0pDMjE2QTAwMDQwODNfMDFfdF9DbG9zZVVwX1BpY3R1cmVzX1RGX01vYl9jbG9zX3h4bF92Mi1zY2FsZWQuanBnIiwic2xpZGVzaG93IjoiNWUyYzYwMCJ9\">\n\t\t\t\t\t<div class=\"e-gallery-image elementor-gallery-item__image\" data-thumbnail=\"https:\/\/www.ferrcos.es\/wp-content\/uploads\/2024\/01\/WJC216A0004083_01_t_CloseUp_Pictures_TF_Mob_clos_xxl_v2-768x768.jpg\" data-width=\"768\" data-height=\"768\" aria-label=\"\" role=\"img\" ><\/div>\n\t\t\t\t\t\t\t\t\t\t\t<div class=\"elementor-gallery-item__overlay\"><\/div>\n\t\t\t\t\t\t\t\t\t\t\t\t\t\t<\/a>\n\t\t\t\t\t\t\t<a class=\"e-gallery-item elementor-gallery-item elementor-animated-content\" href=\"https:\/\/www.ferrcos.es\/wp-content\/uploads\/2024\/01\/WJC226A0059036_DET_2_t_CloseUp_Pictures_TF_Mob_clos_xxl_v2.jpg\" data-elementor-open-lightbox=\"yes\" data-elementor-lightbox-slideshow=\"5e2c600\" data-elementor-lightbox-title=\"WJC226A0059036_DET_2_t_CloseUp_Pictures_TF_Mob_clos_xxl_v2\" data-e-action-hash=\"#elementor-action%3Aaction%3Dlightbox%26settings%3DeyJpZCI6MTI3MywidXJsIjoiaHR0cHM6XC9cL3d3dy5mZXJyY29zLmVzXC93cC1jb250ZW50XC91cGxvYWRzXC8yMDI0XC8wMVwvV0pDMjI2QTAwNTkwMzZfREVUXzJfdF9DbG9zZVVwX1BpY3R1cmVzX1RGX01vYl9jbG9zX3h4bF92Mi5qcGciLCJzbGlkZXNob3ciOiI1ZTJjNjAwIn0%3D\">\n\t\t\t\t\t<div class=\"e-gallery-image elementor-gallery-item__image\" data-thumbnail=\"https:\/\/www.ferrcos.es\/wp-content\/uploads\/2024\/01\/WJC226A0059036_DET_2_t_CloseUp_Pictures_TF_Mob_clos_xxl_v2-768x647.jpg\" data-width=\"768\" data-height=\"647\" aria-label=\"Portarrollos cosmic\" role=\"img\" ><\/div>\n\t\t\t\t\t\t\t\t\t\t\t<div class=\"elementor-gallery-item__overlay\"><\/div>\n\t\t\t\t\t\t\t\t\t\t\t\t\t\t<\/a>\n\t\t\t\t\t\t\t<a class=\"e-gallery-item elementor-gallery-item elementor-animated-content\" href=\"https:\/\/www.ferrcos.es\/wp-content\/uploads\/2024\/01\/WJP056A3011001_DET_2_t_CloseUp_Pictures_TF_Mob_clos_xxl_v2-scaled.jpg\" data-elementor-open-lightbox=\"yes\" data-elementor-lightbox-slideshow=\"5e2c600\" data-elementor-lightbox-title=\"WJP056A3011001_DET_2_t_CloseUp_Pictures_TF_Mob_clos_xxl_v2\" data-e-action-hash=\"#elementor-action%3Aaction%3Dlightbox%26settings%3DeyJpZCI6MTI3NCwidXJsIjoiaHR0cHM6XC9cL3d3dy5mZXJyY29zLmVzXC93cC1jb250ZW50XC91cGxvYWRzXC8yMDI0XC8wMVwvV0pQMDU2QTMwMTEwMDFfREVUXzJfdF9DbG9zZVVwX1BpY3R1cmVzX1RGX01vYl9jbG9zX3h4bF92Mi1zY2FsZWQuanBnIiwic2xpZGVzaG93IjoiNWUyYzYwMCJ9\">\n\t\t\t\t\t<div class=\"e-gallery-image elementor-gallery-item__image\" data-thumbnail=\"https:\/\/www.ferrcos.es\/wp-content\/uploads\/2024\/01\/WJP056A3011001_DET_2_t_CloseUp_Pictures_TF_Mob_clos_xxl_v2-768x538.jpg\" data-width=\"768\" data-height=\"538\" aria-label=\"\" role=\"img\" ><\/div>\n\t\t\t\t\t\t\t\t\t\t\t<div class=\"elementor-gallery-item__overlay\"><\/div>\n\t\t\t\t\t\t\t\t\t\t\t\t\t\t<\/a>\n\t\t\t\t\t\t\t<a class=\"e-gallery-item elementor-gallery-item elementor-animated-content\" href=\"https:\/\/www.ferrcos.es\/wp-content\/uploads\/2024\/01\/DSC4164_n.png.jpeg\" data-elementor-open-lightbox=\"yes\" data-elementor-lightbox-slideshow=\"5e2c600\" data-elementor-lightbox-title=\"_DSC4164_n.png\" data-e-action-hash=\"#elementor-action%3Aaction%3Dlightbox%26settings%3DeyJpZCI6MTA4MiwidXJsIjoiaHR0cHM6XC9cL3d3dy5mZXJyY29zLmVzXC93cC1jb250ZW50XC91cGxvYWRzXC8yMDI0XC8wMVwvRFNDNDE2NF9uLnBuZy5qcGVnIiwic2xpZGVzaG93IjoiNWUyYzYwMCJ9\">\n\t\t\t\t\t<div class=\"e-gallery-image elementor-gallery-item__image\" data-thumbnail=\"https:\/\/www.ferrcos.es\/wp-content\/uploads\/2024\/01\/DSC4164_n.png.jpeg\" data-width=\"666\" data-height=\"1000\" aria-label=\"\" role=\"img\" ><\/div>\n\t\t\t\t\t\t\t\t\t\t\t<div class=\"elementor-gallery-item__overlay\"><\/div>\n\t\t\t\t\t\t\t\t\t\t\t\t\t\t<\/a>\n\t\t\t\t\t\t\t<a class=\"e-gallery-item elementor-gallery-item elementor-animated-content\" href=\"https:\/\/www.ferrcos.es\/wp-content\/uploads\/2023\/12\/WJC252A0000025_DET_1_t_CloseUp_Pictures_TF_Mob_clos_xxl_v2.jpg\" data-elementor-open-lightbox=\"yes\" data-elementor-lightbox-slideshow=\"5e2c600\" data-elementor-lightbox-title=\"WJC252A0000025_DET_1_t_CloseUp_Pictures_TF_Mob_clos_xxl_v2\" data-e-action-hash=\"#elementor-action%3Aaction%3Dlightbox%26settings%3DeyJpZCI6NjExLCJ1cmwiOiJodHRwczpcL1wvd3d3LmZlcnJjb3MuZXNcL3dwLWNvbnRlbnRcL3VwbG9hZHNcLzIwMjNcLzEyXC9XSkMyNTJBMDAwMDAyNV9ERVRfMV90X0Nsb3NlVXBfUGljdHVyZXNfVEZfTW9iX2Nsb3NfeHhsX3YyLmpwZyIsInNsaWRlc2hvdyI6IjVlMmM2MDAifQ%3D%3D\">\n\t\t\t\t\t<div class=\"e-gallery-image elementor-gallery-item__image\" data-thumbnail=\"https:\/\/www.ferrcos.es\/wp-content\/uploads\/2023\/12\/WJC252A0000025_DET_1_t_CloseUp_Pictures_TF_Mob_clos_xxl_v2-768x768.jpg\" data-width=\"768\" data-height=\"768\" aria-label=\"\" role=\"img\" ><\/div>\n\t\t\t\t\t\t\t\t\t\t\t<div class=\"elementor-gallery-item__overlay\"><\/div>\n\t\t\t\t\t\t\t\t\t\t\t\t\t\t<\/a>\n\t\t\t\t\t\t\t<a class=\"e-gallery-item elementor-gallery-item elementor-animated-content\" href=\"https:\/\/www.ferrcos.es\/wp-content\/uploads\/2023\/12\/WJC252A0004026_DET_1_t_CloseUp_Pictures_TF_Mob_clos_xxl_v2-1.jpg\" data-elementor-open-lightbox=\"yes\" data-elementor-lightbox-slideshow=\"5e2c600\" data-elementor-lightbox-title=\"WJC252A0004026_DET_1_t_CloseUp_Pictures_TF_Mob_clos_xxl_v2\" data-e-action-hash=\"#elementor-action%3Aaction%3Dlightbox%26settings%3DeyJpZCI6NjEyLCJ1cmwiOiJodHRwczpcL1wvd3d3LmZlcnJjb3MuZXNcL3dwLWNvbnRlbnRcL3VwbG9hZHNcLzIwMjNcLzEyXC9XSkMyNTJBMDAwNDAyNl9ERVRfMV90X0Nsb3NlVXBfUGljdHVyZXNfVEZfTW9iX2Nsb3NfeHhsX3YyLTEuanBnIiwic2xpZGVzaG93IjoiNWUyYzYwMCJ9\">\n\t\t\t\t\t<div class=\"e-gallery-image elementor-gallery-item__image\" data-thumbnail=\"https:\/\/www.ferrcos.es\/wp-content\/uploads\/2023\/12\/WJC252A0004026_DET_1_t_CloseUp_Pictures_TF_Mob_clos_xxl_v2-1-768x768.jpg\" data-width=\"768\" data-height=\"768\" aria-label=\"\" role=\"img\" ><\/div>\n\t\t\t\t\t\t\t\t\t\t\t<div class=\"elementor-gallery-item__overlay\"><\/div>\n\t\t\t\t\t\t\t\t\t\t\t\t\t\t<\/a>\n\t\t\t\t\t\t\t<a class=\"e-gallery-item elementor-gallery-item elementor-animated-content\" href=\"https:\/\/www.ferrcos.es\/wp-content\/uploads\/2024\/02\/WJC216A0034080_01_t_CloseUp_Pictures_TF_Mob_clos_xxl_v2-scaled.jpg\" data-elementor-open-lightbox=\"yes\" data-elementor-lightbox-slideshow=\"5e2c600\" data-elementor-lightbox-title=\"WJC216A0034080_01_t_CloseUp_Pictures_TF_Mob_clos_xxl_v2\" data-e-action-hash=\"#elementor-action%3Aaction%3Dlightbox%26settings%3DeyJpZCI6MTk3MCwidXJsIjoiaHR0cHM6XC9cL3d3dy5mZXJyY29zLmVzXC93cC1jb250ZW50XC91cGxvYWRzXC8yMDI0XC8wMlwvV0pDMjE2QTAwMzQwODBfMDFfdF9DbG9zZVVwX1BpY3R1cmVzX1RGX01vYl9jbG9zX3h4bF92Mi1zY2FsZWQuanBnIiwic2xpZGVzaG93IjoiNWUyYzYwMCJ9\">\n\t\t\t\t\t<div class=\"e-gallery-image elementor-gallery-item__image\" data-thumbnail=\"https:\/\/www.ferrcos.es\/wp-content\/uploads\/2024\/02\/WJC216A0034080_01_t_CloseUp_Pictures_TF_Mob_clos_xxl_v2-768x768.jpg\" data-width=\"768\" data-height=\"768\" aria-label=\"jabonera cosmic\" role=\"img\" ><\/div>\n\t\t\t\t\t\t\t\t\t\t\t<div class=\"elementor-gallery-item__overlay\"><\/div>\n\t\t\t\t\t\t\t\t\t\t\t\t\t\t<\/a>\n\t\t\t\t\t\t\t<a class=\"e-gallery-item elementor-gallery-item elementor-animated-content\" href=\"https:\/\/www.ferrcos.es\/wp-content\/uploads\/2024\/02\/WJC277A0002086_DET_1_t_CloseUp_Pictures_TF_Mob_clos_xxl_v2.jpg\" data-elementor-open-lightbox=\"yes\" data-elementor-lightbox-slideshow=\"5e2c600\" data-elementor-lightbox-title=\"WJC277A0002086_DET_1_t_CloseUp_Pictures_TF_Mob_clos_xxl_v2\" data-e-action-hash=\"#elementor-action%3Aaction%3Dlightbox%26settings%3DeyJpZCI6MTk3MSwidXJsIjoiaHR0cHM6XC9cL3d3dy5mZXJyY29zLmVzXC93cC1jb250ZW50XC91cGxvYWRzXC8yMDI0XC8wMlwvV0pDMjc3QTAwMDIwODZfREVUXzFfdF9DbG9zZVVwX1BpY3R1cmVzX1RGX01vYl9jbG9zX3h4bF92Mi5qcGciLCJzbGlkZXNob3ciOiI1ZTJjNjAwIn0%3D\">\n\t\t\t\t\t<div class=\"e-gallery-image elementor-gallery-item__image\" data-thumbnail=\"https:\/\/www.ferrcos.es\/wp-content\/uploads\/2024\/02\/WJC277A0002086_DET_1_t_CloseUp_Pictures_TF_Mob_clos_xxl_v2-768x1087.jpg\" data-width=\"768\" data-height=\"1087\" aria-label=\"\" role=\"img\" ><\/div>\n\t\t\t\t\t\t\t\t\t\t\t<div class=\"elementor-gallery-item__overlay\"><\/div>\n\t\t\t\t\t\t\t\t\t\t\t\t\t\t<\/a>\n\t\t\t\t\t<\/div>\n\t\t\t\t\t<\/div>\n\t\t\t\t\t<\/div>\n\t\t<\/div>\n\t\t\t\t\t<\/div>\n\t\t<\/section>\n\t\t\t\t<section class=\"elementor-section elementor-top-section elementor-element elementor-element-6405551 elementor-section-boxed elementor-section-height-default elementor-section-height-default\" data-id=\"6405551\" data-element_type=\"section\" data-e-type=\"section\" data-settings=\"{&quot;_ha_eqh_enable&quot;:false}\">\n\t\t\t\t\t\t<div class=\"elementor-container elementor-column-gap-default\">\n\t\t\t\t\t<div class=\"elementor-column elementor-col-33 elementor-top-column elementor-element elementor-element-1dfbf62\" data-id=\"1dfbf62\" data-element_type=\"column\" data-e-type=\"column\">\n\t\t\t<div class=\"elementor-widget-wrap elementor-element-populated\">\n\t\t\t\t\t\t<div class=\"elementor-element elementor-element-710cc5f animated-slow elementor-invisible elementor-widget elementor-widget-heading\" data-id=\"710cc5f\" data-element_type=\"widget\" data-e-type=\"widget\" data-settings=\"{&quot;_animation&quot;:&quot;slideInLeft&quot;,&quot;_animation_delay&quot;:800}\" data-widget_type=\"heading.default\">\n\t\t\t\t\t<h3 class=\"elementor-heading-title elementor-size-default\">Nouvelles collections<\/h3>\t\t\t\t<\/div>\n\t\t\t\t\t<\/div>\n\t\t<\/div>\n\t\t\t\t<div class=\"elementor-column elementor-col-66 elementor-top-column elementor-element elementor-element-67d650e\" data-id=\"67d650e\" data-element_type=\"column\" data-e-type=\"column\">\n\t\t\t<div class=\"elementor-widget-wrap elementor-element-populated\">\n\t\t\t\t\t\t<div class=\"elementor-element elementor-element-08dfa88 elementor-hidden-phone elementor-widget elementor-widget-spacer\" data-id=\"08dfa88\" data-element_type=\"widget\" data-e-type=\"widget\" data-widget_type=\"spacer.default\">\n\t\t\t\t\t\t\t<div class=\"elementor-spacer\">\n\t\t\t<div class=\"elementor-spacer-inner\"><\/div>\n\t\t<\/div>\n\t\t\t\t\t\t<\/div>\n\t\t\t\t\t<\/div>\n\t\t<\/div>\n\t\t\t\t\t<\/div>\n\t\t<\/section>\n\t\t\t\t<section class=\"elementor-section elementor-top-section elementor-element elementor-element-ffc5366 elementor-section-boxed elementor-section-height-default elementor-section-height-default\" data-id=\"ffc5366\" data-element_type=\"section\" data-e-type=\"section\" data-settings=\"{&quot;_ha_eqh_enable&quot;:false}\">\n\t\t\t\t\t\t<div class=\"elementor-container elementor-column-gap-default\">\n\t\t\t\t\t<div class=\"elementor-column elementor-col-100 elementor-top-column elementor-element elementor-element-326b120\" data-id=\"326b120\" data-element_type=\"column\" data-e-type=\"column\">\n\t\t\t<div class=\"elementor-widget-wrap elementor-element-populated\">\n\t\t\t\t\t\t\t<\/div>\n\t\t<\/div>\n\t\t\t\t\t<\/div>\n\t\t<\/section>\n\t\t\t\t<\/div>\n\t\t","protected":false},"excerpt":{"rendered":"<p>Accessoires de salle de bain Chaque d\u00e9tail compte Outre le rev\u00eatement, les sanitaires ou de la robinetterie, les compl\u00e9ments et accessoires sont indispensables afin de donner de la coh\u00e9rence esth\u00e9tique \u00e0 votre projet. Porte-serviettes, porte-savons, miroirs&#8230; chaque d\u00e9tail compte. Conscients de cela, chez Ferrcos nous vous proposons \u00e9galement une grande vari\u00e9t\u00e9 d&#8217;accessoires de salle de [&hellip;]<\/p>\n","protected":false},"author":3,"featured_media":0,"parent":3435,"menu_order":0,"comment_status":"closed","ping_status":"closed","template":"","meta":{"footnotes":""},"class_list":["post-3447","page","type-page","status-publish","hentry"],"_links":{"self":[{"href":"https:\/\/www.ferrcos.es\/fr\/wp-json\/wp\/v2\/pages\/3447","targetHints":{"allow":["GET"]}}],"collection":[{"href":"https:\/\/www.ferrcos.es\/fr\/wp-json\/wp\/v2\/pages"}],"about":[{"href":"https:\/\/www.ferrcos.es\/fr\/wp-json\/wp\/v2\/types\/page"}],"author":[{"embeddable":true,"href":"https:\/\/www.ferrcos.es\/fr\/wp-json\/wp\/v2\/users\/3"}],"replies":[{"embeddable":true,"href":"https:\/\/www.ferrcos.es\/fr\/wp-json\/wp\/v2\/comments?post=3447"}],"version-history":[{"count":4,"href":"https:\/\/www.ferrcos.es\/fr\/wp-json\/wp\/v2\/pages\/3447\/revisions"}],"predecessor-version":[{"id":4136,"href":"https:\/\/www.ferrcos.es\/fr\/wp-json\/wp\/v2\/pages\/3447\/revisions\/4136"}],"up":[{"embeddable":true,"href":"https:\/\/www.ferrcos.es\/fr\/wp-json\/wp\/v2\/pages\/3435"}],"wp:attachment":[{"href":"https:\/\/www.ferrcos.es\/fr\/wp-json\/wp\/v2\/media?parent=3447"}],"curies":[{"name":"wp","href":"https:\/\/api.w.org\/{rel}","templated":true}]}}