{"id":3444,"date":"2023-01-04T09:56:54","date_gmt":"2023-01-04T09:56:54","guid":{"rendered":"https:\/\/www.ferrcos.es\/ferrcos-materiales-de-construccion\/"},"modified":"2024-03-11T14:23:07","modified_gmt":"2024-03-11T14:23:07","slug":"ferrcos-materiales-de-construccion","status":"publish","type":"page","link":"https:\/\/www.ferrcos.es\/fr\/","title":{"rendered":"FERRCOS | Accueil"},"content":{"rendered":"\t\t<div data-elementor-type=\"wp-page\" data-elementor-id=\"3444\" class=\"elementor elementor-3444 elementor-2\" data-elementor-settings=\"{&quot;ha_cmc_init_switcher&quot;:&quot;no&quot;}\" data-elementor-post-type=\"page\">\n\t\t\t\t\t\t<section class=\"elementor-section elementor-top-section elementor-element elementor-element-c88b6a0 elementor-section-boxed elementor-section-height-default elementor-section-height-default\" data-id=\"c88b6a0\" data-element_type=\"section\" data-e-type=\"section\" data-settings=\"{&quot;background_background&quot;:&quot;slideshow&quot;,&quot;background_slideshow_gallery&quot;:[{&quot;id&quot;:699,&quot;url&quot;:&quot;https:\\\/\\\/www.ferrcos.es\\\/wp-content\\\/uploads\\\/2023\\\/12\\\/coolrooms-atocha-8795-17-1.jpg&quot;},{&quot;id&quot;:1313,&quot;url&quot;:&quot;https:\\\/\\\/www.ferrcos.es\\\/wp-content\\\/uploads\\\/2024\\\/01\\\/DSC00724-scaled.jpg&quot;},{&quot;id&quot;:734,&quot;url&quot;:&quot;https:\\\/\\\/www.ferrcos.es\\\/wp-content\\\/uploads\\\/2023\\\/12\\\/DELPHINA_018-1.jpg&quot;},{&quot;id&quot;:1223,&quot;url&quot;:&quot;https:\\\/\\\/www.ferrcos.es\\\/wp-content\\\/uploads\\\/2024\\\/01\\\/img-only-you-hotel-malaga-juniorsuite-terracelarios3491.jpg&quot;},{&quot;id&quot;:1278,&quot;url&quot;:&quot;https:\\\/\\\/www.ferrcos.es\\\/wp-content\\\/uploads\\\/2024\\\/01\\\/likid-gallery-03.2400x0.jpg&quot;},{&quot;id&quot;:1265,&quot;url&quot;:&quot;https:\\\/\\\/www.ferrcos.es\\\/wp-content\\\/uploads\\\/2024\\\/01\\\/AP01_Alessi_OH_Set17-2081_t_Ambient_Pictures_TF_Mob_solu_xxl_v2.jpg&quot;},{&quot;id&quot;:1732,&quot;url&quot;:&quot;https:\\\/\\\/www.ferrcos.es\\\/wp-content\\\/uploads\\\/2024\\\/01\\\/ONA-IMAGEN-2.jpg&quot;}],&quot;background_slideshow_loop&quot;:&quot;yes&quot;,&quot;background_slideshow_slide_duration&quot;:5000,&quot;background_slideshow_slide_transition&quot;:&quot;fade&quot;,&quot;background_slideshow_transition_duration&quot;:500,&quot;_ha_eqh_enable&quot;:false}\">\n\t\t\t\t\t\t<div class=\"elementor-container elementor-column-gap-default\">\n\t\t\t\t\t<div class=\"elementor-column elementor-col-50 elementor-top-column elementor-element elementor-element-e13050d\" data-id=\"e13050d\" data-element_type=\"column\" data-e-type=\"column\" data-settings=\"{&quot;background_background&quot;:&quot;classic&quot;}\">\n\t\t\t<div class=\"elementor-widget-wrap elementor-element-populated\">\n\t\t\t\t\t\t<div class=\"elementor-element elementor-element-a2a38ef elementor-headline--style-highlight elementor-invisible elementor-widget elementor-widget-animated-headline\" data-id=\"a2a38ef\" data-element_type=\"widget\" data-e-type=\"widget\" data-settings=\"{&quot;highlighted_text&quot;:&quot;depuis 1972&quot;,&quot;_animation&quot;:&quot;fadeInUp&quot;,&quot;_animation_delay&quot;:200,&quot;headline_style&quot;:&quot;highlight&quot;,&quot;marker&quot;:&quot;circle&quot;,&quot;loop&quot;:&quot;yes&quot;,&quot;highlight_animation_duration&quot;:1200,&quot;highlight_iteration_delay&quot;:8000}\" data-widget_type=\"animated-headline.default\">\n\t\t\t\t\t\t\t<h1 class=\"elementor-headline\">\n\t\t\t\t\t<span class=\"elementor-headline-plain-text elementor-headline-text-wrapper\">Construire en famille<\/span>\n\t\t\t\t<span class=\"elementor-headline-dynamic-wrapper elementor-headline-text-wrapper\">\n\t\t\t\t\t<span class=\"elementor-headline-dynamic-text elementor-headline-text-active\">depuis 1972<\/span>\n\t\t\t\t<\/span>\n\t\t\t\t<\/h1>\n\t\t\t\t\t\t<\/div>\n\t\t\t\t\t<\/div>\n\t\t<\/div>\n\t\t\t\t<div class=\"elementor-column elementor-col-50 elementor-top-column elementor-element elementor-element-2196ec1\" data-id=\"2196ec1\" data-element_type=\"column\" data-e-type=\"column\">\n\t\t\t<div class=\"elementor-widget-wrap\">\n\t\t\t\t\t\t\t<\/div>\n\t\t<\/div>\n\t\t\t\t\t<\/div>\n\t\t<\/section>\n\t\t\t\t<section class=\"elementor-section elementor-top-section elementor-element elementor-element-18b8828 elementor-section-boxed elementor-section-height-default elementor-section-height-default\" data-id=\"18b8828\" data-element_type=\"section\" data-e-type=\"section\" data-settings=\"{&quot;_ha_eqh_enable&quot;:false}\">\n\t\t\t\t\t\t<div class=\"elementor-container elementor-column-gap-default\">\n\t\t\t\t\t<div class=\"elementor-column elementor-col-100 elementor-top-column elementor-element elementor-element-a86e810\" data-id=\"a86e810\" data-element_type=\"column\" data-e-type=\"column\">\n\t\t\t<div class=\"elementor-widget-wrap elementor-element-populated\">\n\t\t\t\t\t\t<div class=\"elementor-element elementor-element-1646d82 elementor-invisible elementor-widget elementor-widget-heading\" data-id=\"1646d82\" data-element_type=\"widget\" data-e-type=\"widget\" data-settings=\"{&quot;_animation&quot;:&quot;fadeInUp&quot;}\" data-widget_type=\"heading.default\">\n\t\t\t\t\t<span class=\"elementor-heading-title elementor-size-default\">C\u00c9RAMIQUE - CUISINES - PARQUETS - GR\u00c8S C\u00c9RAME TECHNIQUE - WELLNESS &amp; SPA - SANITAIRE - ROBINETTERIE - PAPIER PEINT VINYLE<\/span>\t\t\t\t<\/div>\n\t\t\t\t\t<\/div>\n\t\t<\/div>\n\t\t\t\t\t<\/div>\n\t\t<\/section>\n\t\t\t\t<section class=\"elementor-section elementor-top-section elementor-element elementor-element-42294d4 elementor-section-boxed elementor-section-height-default elementor-section-height-default\" data-id=\"42294d4\" data-element_type=\"section\" data-e-type=\"section\" data-settings=\"{&quot;_ha_eqh_enable&quot;:false}\">\n\t\t\t\t\t\t<div class=\"elementor-container elementor-column-gap-default\">\n\t\t\t\t\t<div class=\"elementor-column elementor-col-100 elementor-top-column elementor-element elementor-element-78a17e4\" data-id=\"78a17e4\" data-element_type=\"column\" data-e-type=\"column\">\n\t\t\t<div class=\"elementor-widget-wrap elementor-element-populated\">\n\t\t\t\t\t\t<div class=\"elementor-element elementor-element-4148d8b elementor-cta--layout-image-right elementor-cta--mobile-layout-image-above elementor-cta--skin-classic elementor-animated-content elementor-bg-transform elementor-bg-transform-zoom-in elementor-widget elementor-widget-call-to-action\" data-id=\"4148d8b\" data-element_type=\"widget\" data-e-type=\"widget\" data-widget_type=\"call-to-action.default\">\n\t\t\t\t\t\t\t<a class=\"elementor-cta\" href=\"https:\/\/www.ferrcos.es\/productos\/\">\n\t\t\t\t\t<div class=\"elementor-cta__bg-wrapper\">\n\t\t\t\t<div class=\"elementor-cta__bg elementor-bg\" style=\"background-image: url(https:\/\/www.ferrcos.es\/wp-content\/uploads\/2024\/01\/LAVAVO-CETONE-AGAPE-PATRICIA-URQUIOLA-2.jpg);\" role=\"img\" aria-label=\"LAVAVO CETONE AGAPE PATRICIA URQUIOLA 2\"><\/div>\n\t\t\t\t<div class=\"elementor-cta__bg-overlay\"><\/div>\n\t\t\t<\/div>\n\t\t\t\t\t\t\t<div class=\"elementor-cta__content\">\n\t\t\t\t\n\t\t\t\t\t\t\t\t\t<h2 class=\"elementor-cta__title elementor-cta__content-item elementor-content-item\">\n\t\t\t\t\t\tPRODUITS\t\t\t\t\t<\/h2>\n\t\t\t\t\n\t\t\t\t\n\t\t\t\t\t\t\t\t\t<div class=\"elementor-cta__button-wrapper elementor-cta__content-item elementor-content-item \">\n\t\t\t\t\t<span class=\"elementor-cta__button elementor-button elementor-size-\">\n\t\t\t\t\t\tD\u00e9couvrez nos produits\t\t\t\t\t<\/span>\n\t\t\t\t\t<\/div>\n\t\t\t\t\t\t\t<\/div>\n\t\t\t\t\t\t<\/a>\n\t\t\t\t\t\t<\/div>\n\t\t\t\t<div class=\"elementor-element elementor-element-f4cd5b9 elementor-cta--layout-image-left elementor-cta--mobile-layout-image-above elementor-cta--skin-classic elementor-animated-content elementor-bg-transform elementor-bg-transform-zoom-in elementor-widget elementor-widget-call-to-action\" data-id=\"f4cd5b9\" data-element_type=\"widget\" data-e-type=\"widget\" data-widget_type=\"call-to-action.default\">\n\t\t\t\t\t\t\t<a class=\"elementor-cta\" href=\"https:\/\/www.ferrcos.es\/noticias\/\">\n\t\t\t\t\t<div class=\"elementor-cta__bg-wrapper\">\n\t\t\t\t<div class=\"elementor-cta__bg elementor-bg\" style=\"background-image: url(https:\/\/www.ferrcos.es\/wp-content\/uploads\/2024\/02\/DICHOSO-ESTUDIO_XIPE_CASTELLANA-105_18_ENERO_2023_G1A7256-HDR-Editar-683x1024.jpg);\" role=\"img\" aria-label=\"DICHOSO ESTUDIO_XIPE_CASTELLANA 105_18_ENERO_2023_G1A7256-HDR-Editar\"><\/div>\n\t\t\t\t<div class=\"elementor-cta__bg-overlay\"><\/div>\n\t\t\t<\/div>\n\t\t\t\t\t\t\t<div class=\"elementor-cta__content\">\n\t\t\t\t\n\t\t\t\t\t\t\t\t\t<h2 class=\"elementor-cta__title elementor-cta__content-item elementor-content-item\">\n\t\t\t\t\t\tPROJETS\t\t\t\t\t<\/h2>\n\t\t\t\t\n\t\t\t\t\n\t\t\t\t\t\t\t\t\t<div class=\"elementor-cta__button-wrapper elementor-cta__content-item elementor-content-item \">\n\t\t\t\t\t<span class=\"elementor-cta__button elementor-button elementor-size-\">\n\t\t\t\t\t\tD\u00e9couvrez nos projets\t\t\t\t\t<\/span>\n\t\t\t\t\t<\/div>\n\t\t\t\t\t\t\t<\/div>\n\t\t\t\t\t\t<\/a>\n\t\t\t\t\t\t<\/div>\n\t\t\t\t\t<\/div>\n\t\t<\/div>\n\t\t\t\t\t<\/div>\n\t\t<\/section>\n\t\t\t\t<section class=\"elementor-section elementor-top-section elementor-element elementor-element-897a841 elementor-section-boxed elementor-section-height-default elementor-section-height-default\" data-id=\"897a841\" data-element_type=\"section\" data-e-type=\"section\" data-settings=\"{&quot;_ha_eqh_enable&quot;:false}\">\n\t\t\t\t\t\t<div class=\"elementor-container elementor-column-gap-default\">\n\t\t\t\t\t<div class=\"elementor-column elementor-col-33 elementor-top-column elementor-element elementor-element-b322317\" data-id=\"b322317\" data-element_type=\"column\" data-e-type=\"column\">\n\t\t\t<div class=\"elementor-widget-wrap elementor-element-populated\">\n\t\t\t\t\t\t<div class=\"elementor-element elementor-element-25c19bd animated-slow elementor-invisible elementor-widget elementor-widget-heading\" data-id=\"25c19bd\" data-element_type=\"widget\" data-e-type=\"widget\" data-settings=\"{&quot;_animation&quot;:&quot;slideInLeft&quot;,&quot;_animation_delay&quot;:800}\" data-widget_type=\"heading.default\">\n\t\t\t\t\t<h3 class=\"elementor-heading-title elementor-size-default\">Derniers articles<\/h3>\t\t\t\t<\/div>\n\t\t\t\t\t<\/div>\n\t\t<\/div>\n\t\t\t\t<div class=\"elementor-column elementor-col-66 elementor-top-column elementor-element elementor-element-beac493\" data-id=\"beac493\" data-element_type=\"column\" data-e-type=\"column\">\n\t\t\t<div class=\"elementor-widget-wrap elementor-element-populated\">\n\t\t\t\t\t\t<div class=\"elementor-element elementor-element-c4181b1 elementor-hidden-phone elementor-widget elementor-widget-spacer\" data-id=\"c4181b1\" data-element_type=\"widget\" data-e-type=\"widget\" data-widget_type=\"spacer.default\">\n\t\t\t\t\t\t\t<div class=\"elementor-spacer\">\n\t\t\t<div class=\"elementor-spacer-inner\"><\/div>\n\t\t<\/div>\n\t\t\t\t\t\t<\/div>\n\t\t\t\t\t<\/div>\n\t\t<\/div>\n\t\t\t\t\t<\/div>\n\t\t<\/section>\n\t\t\t\t<section class=\"elementor-section elementor-top-section elementor-element elementor-element-2e4e705 elementor-section-boxed elementor-section-height-default elementor-section-height-default\" data-id=\"2e4e705\" data-element_type=\"section\" data-e-type=\"section\" data-settings=\"{&quot;_ha_eqh_enable&quot;:false}\">\n\t\t\t\t\t\t<div class=\"elementor-container elementor-column-gap-default\">\n\t\t\t\t\t<div class=\"elementor-column elementor-col-100 elementor-top-column elementor-element elementor-element-344ea66\" data-id=\"344ea66\" data-element_type=\"column\" data-e-type=\"column\">\n\t\t\t<div class=\"elementor-widget-wrap elementor-element-populated\">\n\t\t\t\t\t\t<div class=\"elementor-element elementor-element-35ba53d elementor-grid-3 elementor-grid-tablet-2 elementor-grid-mobile-1 elementor-posts--thumbnail-top elementor-widget elementor-widget-posts\" data-id=\"35ba53d\" data-element_type=\"widget\" data-e-type=\"widget\" data-settings=\"{&quot;classic_columns&quot;:&quot;3&quot;,&quot;classic_columns_tablet&quot;:&quot;2&quot;,&quot;classic_columns_mobile&quot;:&quot;1&quot;,&quot;classic_row_gap&quot;:{&quot;unit&quot;:&quot;px&quot;,&quot;size&quot;:35,&quot;sizes&quot;:[]},&quot;classic_row_gap_tablet&quot;:{&quot;unit&quot;:&quot;px&quot;,&quot;size&quot;:&quot;&quot;,&quot;sizes&quot;:[]},&quot;classic_row_gap_mobile&quot;:{&quot;unit&quot;:&quot;px&quot;,&quot;size&quot;:&quot;&quot;,&quot;sizes&quot;:[]}}\" data-widget_type=\"posts.classic\">\n\t\t\t\t<div class=\"elementor-widget-container\">\n\t\t\t\t\t\t\t<div class=\"elementor-posts-container elementor-posts elementor-posts--skin-classic elementor-grid\" role=\"list\">\n\t\t\t\t<article class=\"elementor-post elementor-grid-item post-7186 post type-post status-publish format-standard has-post-thumbnail hentry category-restaurantes-fr category-proyectos-fr tag-proyectos-fr tag-restaurantes-fr\" role=\"listitem\">\n\t\t\t\t<a class=\"elementor-post__thumbnail__link\" href=\"https:\/\/www.ferrcos.es\/fr\/lolo-taco-bar-materialidad-identidad-y-experiencia-en-un-mismo-espacio\/\" tabindex=\"-1\">\n\t\t\t<div class=\"elementor-post__thumbnail\"><img fetchpriority=\"high\" decoding=\"async\" width=\"768\" height=\"592\" src=\"https:\/\/www.ferrcos.es\/wp-content\/uploads\/2026\/04\/DSC_6566-Pano_LOLO_Mex_by_Carne-Ph_Javier_de_Paz_Garcia-768x592.jpg\" class=\"attachment-medium_large size-medium_large wp-image-7166\" alt=\"\" srcset=\"https:\/\/www.ferrcos.es\/wp-content\/uploads\/2026\/04\/DSC_6566-Pano_LOLO_Mex_by_Carne-Ph_Javier_de_Paz_Garcia-768x592.jpg 768w, https:\/\/www.ferrcos.es\/wp-content\/uploads\/2026\/04\/DSC_6566-Pano_LOLO_Mex_by_Carne-Ph_Javier_de_Paz_Garcia-300x231.jpg 300w, https:\/\/www.ferrcos.es\/wp-content\/uploads\/2026\/04\/DSC_6566-Pano_LOLO_Mex_by_Carne-Ph_Javier_de_Paz_Garcia-1024x789.jpg 1024w, https:\/\/www.ferrcos.es\/wp-content\/uploads\/2026\/04\/DSC_6566-Pano_LOLO_Mex_by_Carne-Ph_Javier_de_Paz_Garcia-1536x1184.jpg 1536w, https:\/\/www.ferrcos.es\/wp-content\/uploads\/2026\/04\/DSC_6566-Pano_LOLO_Mex_by_Carne-Ph_Javier_de_Paz_Garcia-2048x1578.jpg 2048w\" sizes=\"(max-width: 768px) 100vw, 768px\" \/><\/div>\n\t\t<\/a>\n\t\t\t\t<div class=\"elementor-post__text\">\n\t\t\t\t<h3 class=\"elementor-post__title\">\n\t\t\t<a href=\"https:\/\/www.ferrcos.es\/fr\/lolo-taco-bar-materialidad-identidad-y-experiencia-en-un-mismo-espacio\/\">\n\t\t\t\tLOLO Taco Bar : un projet o\u00f9 l\u2019espace construit l\u2019exp\u00e9rience\t\t\t<\/a>\n\t\t<\/h3>\n\t\t\t\t<div class=\"elementor-post__excerpt\">\n\t\t\t<p>LOLO<\/p>\n\t\t<\/div>\n\t\t\n\t\t<a class=\"elementor-post__read-more\" href=\"https:\/\/www.ferrcos.es\/fr\/lolo-taco-bar-materialidad-identidad-y-experiencia-en-un-mismo-espacio\/\" aria-label=\"En savoir plus sur LOLO Taco Bar : un projet o\u00f9 l\u2019espace construit l\u2019exp\u00e9rience\" tabindex=\"-1\">\n\t\t\tLeer m\u00e1s \u00bb\t\t<\/a>\n\n\t\t\t\t<\/div>\n\t\t\t\t<\/article>\n\t\t\t\t<article class=\"elementor-post elementor-grid-item post-7133 post type-post status-publish format-standard has-post-thumbnail hentry category-empresa-fr\" role=\"listitem\">\n\t\t\t\t<a class=\"elementor-post__thumbnail__link\" href=\"https:\/\/www.ferrcos.es\/fr\/horario-especial-semana-santa\/\" tabindex=\"-1\">\n\t\t\t<div class=\"elementor-post__thumbnail\"><img decoding=\"async\" width=\"768\" height=\"576\" src=\"https:\/\/www.ferrcos.es\/wp-content\/uploads\/2026\/04\/ACHILLES-15X15_AMB-768x576.jpg\" class=\"attachment-medium_large size-medium_large wp-image-7129\" alt=\"\" srcset=\"https:\/\/www.ferrcos.es\/wp-content\/uploads\/2026\/04\/ACHILLES-15X15_AMB-768x576.jpg 768w, https:\/\/www.ferrcos.es\/wp-content\/uploads\/2026\/04\/ACHILLES-15X15_AMB-300x225.jpg 300w, https:\/\/www.ferrcos.es\/wp-content\/uploads\/2026\/04\/ACHILLES-15X15_AMB-1024x768.jpg 1024w, https:\/\/www.ferrcos.es\/wp-content\/uploads\/2026\/04\/ACHILLES-15X15_AMB-1536x1152.jpg 1536w, https:\/\/www.ferrcos.es\/wp-content\/uploads\/2026\/04\/ACHILLES-15X15_AMB.jpg 2048w\" sizes=\"(max-width: 768px) 100vw, 768px\" \/><\/div>\n\t\t<\/a>\n\t\t\t\t<div class=\"elementor-post__text\">\n\t\t\t\t<h3 class=\"elementor-post__title\">\n\t\t\t<a href=\"https:\/\/www.ferrcos.es\/fr\/horario-especial-semana-santa\/\">\n\t\t\t\tHoraires sp\u00e9ciaux \u2013 P\u00e2ques\t\t\t<\/a>\n\t\t<\/h3>\n\t\t\t\t<div class=\"elementor-post__excerpt\">\n\t\t\t<p>\u00c0<\/p>\n\t\t<\/div>\n\t\t\n\t\t<a class=\"elementor-post__read-more\" href=\"https:\/\/www.ferrcos.es\/fr\/horario-especial-semana-santa\/\" aria-label=\"En savoir plus sur Horaires sp\u00e9ciaux \u2013 P\u00e2ques\" tabindex=\"-1\">\n\t\t\tLeer m\u00e1s \u00bb\t\t<\/a>\n\n\t\t\t\t<\/div>\n\t\t\t\t<\/article>\n\t\t\t\t<article class=\"elementor-post elementor-grid-item post-7121 post type-post status-publish format-standard has-post-thumbnail hentry category-comercial-fr category-proyectos-fr\" role=\"listitem\">\n\t\t\t\t<a class=\"elementor-post__thumbnail__link\" href=\"https:\/\/www.ferrcos.es\/fr\/el-callejon-nuga-castellana-madrid\/\" tabindex=\"-1\">\n\t\t\t<div class=\"elementor-post__thumbnail\"><img decoding=\"async\" width=\"768\" height=\"512\" src=\"https:\/\/www.ferrcos.es\/wp-content\/uploads\/2026\/04\/callejon_4-768x512.jpg\" class=\"attachment-medium_large size-medium_large wp-image-7078\" alt=\"\" srcset=\"https:\/\/www.ferrcos.es\/wp-content\/uploads\/2026\/04\/callejon_4-768x512.jpg 768w, https:\/\/www.ferrcos.es\/wp-content\/uploads\/2026\/04\/callejon_4-300x200.jpg 300w, https:\/\/www.ferrcos.es\/wp-content\/uploads\/2026\/04\/callejon_4-1024x683.jpg 1024w, https:\/\/www.ferrcos.es\/wp-content\/uploads\/2026\/04\/callejon_4-1536x1024.jpg 1536w, https:\/\/www.ferrcos.es\/wp-content\/uploads\/2026\/04\/callejon_4.jpg 1800w\" sizes=\"(max-width: 768px) 100vw, 768px\" \/><\/div>\n\t\t<\/a>\n\t\t\t\t<div class=\"elementor-post__text\">\n\t\t\t\t<h3 class=\"elementor-post__title\">\n\t\t\t<a href=\"https:\/\/www.ferrcos.es\/fr\/el-callejon-nuga-castellana-madrid\/\">\n\t\t\t\tEl Callej\u00f3n \u2014 Nuga Castellana, Madrid\t\t\t<\/a>\n\t\t<\/h3>\n\t\t\t\t<div class=\"elementor-post__excerpt\">\n\t\t\t<p>Situ\u00e9<\/p>\n\t\t<\/div>\n\t\t\n\t\t<a class=\"elementor-post__read-more\" href=\"https:\/\/www.ferrcos.es\/fr\/el-callejon-nuga-castellana-madrid\/\" aria-label=\"En savoir plus sur El Callej\u00f3n \u2014 Nuga Castellana, Madrid\" tabindex=\"-1\">\n\t\t\tLeer m\u00e1s \u00bb\t\t<\/a>\n\n\t\t\t\t<\/div>\n\t\t\t\t<\/article>\n\t\t\t\t<\/div>\n\t\t\n\t\t\t\t\t\t<\/div>\n\t\t\t\t<\/div>\n\t\t\t\t\t<\/div>\n\t\t<\/div>\n\t\t\t\t\t<\/div>\n\t\t<\/section>\n\t\t\t\t<\/div>\n\t\t","protected":false},"excerpt":{"rendered":"<p>Construire en famille depuis 1972 C\u00c9RAMIQUE &#8211; CUISINES &#8211; PARQUETS &#8211; GR\u00c8S C\u00c9RAME TECHNIQUE &#8211; WELLNESS &amp; SPA &#8211; SANITAIRE &#8211; ROBINETTERIE &#8211; PAPIER PEINT VINYLE PRODUITS D\u00e9couvrez nos produits PROJETS D\u00e9couvrez nos projets Derniers articles<\/p>\n","protected":false},"author":1,"featured_media":0,"parent":0,"menu_order":0,"comment_status":"closed","ping_status":"closed","template":"","meta":{"footnotes":""},"class_list":["post-3444","page","type-page","status-publish","hentry"],"_links":{"self":[{"href":"https:\/\/www.ferrcos.es\/fr\/wp-json\/wp\/v2\/pages\/3444","targetHints":{"allow":["GET"]}}],"collection":[{"href":"https:\/\/www.ferrcos.es\/fr\/wp-json\/wp\/v2\/pages"}],"about":[{"href":"https:\/\/www.ferrcos.es\/fr\/wp-json\/wp\/v2\/types\/page"}],"author":[{"embeddable":true,"href":"https:\/\/www.ferrcos.es\/fr\/wp-json\/wp\/v2\/users\/1"}],"replies":[{"embeddable":true,"href":"https:\/\/www.ferrcos.es\/fr\/wp-json\/wp\/v2\/comments?post=3444"}],"version-history":[{"count":5,"href":"https:\/\/www.ferrcos.es\/fr\/wp-json\/wp\/v2\/pages\/3444\/revisions"}],"predecessor-version":[{"id":4172,"href":"https:\/\/www.ferrcos.es\/fr\/wp-json\/wp\/v2\/pages\/3444\/revisions\/4172"}],"wp:attachment":[{"href":"https:\/\/www.ferrcos.es\/fr\/wp-json\/wp\/v2\/media?parent=3444"}],"curies":[{"name":"wp","href":"https:\/\/api.w.org\/{rel}","templated":true}]}}